{"id":951,"date":"2023-06-19T09:23:04","date_gmt":"2023-06-19T08:23:04","guid":{"rendered":"https:\/\/groussbus.lgs.lu\/?page_id=951"},"modified":"2023-06-19T11:00:40","modified_gmt":"2023-06-19T10:00:40","slug":"photoen-2022","status":"publish","type":"page","link":"https:\/\/groussbus.lgs.lu\/?page_id=951","title":{"rendered":"Photoen 2021"},"content":{"rendered":"\n<figure class=\"wp-block-gallery has-nested-images columns-default is-cropped wp-block-gallery-1 is-layout-flex wp-block-gallery-is-layout-flex\">\n<figure class=\"wp-block-image size-large\"><img loading=\"lazy\" decoding=\"async\" width=\"1024\" height=\"768\" data-id=\"979\" src=\"https:\/\/groussbus.lgs.lu\/wp-content\/uploads\/Friddensliicht2021_3-1024x768.jpg\" alt=\"\" class=\"wp-image-979\" srcset=\"https:\/\/groussbus.lgs.lu\/wp-content\/uploads\/Friddensliicht2021_3-1024x768.jpg 1024w, https:\/\/groussbus.lgs.lu\/wp-content\/uploads\/Friddensliicht2021_3-300x225.jpg 300w, https:\/\/groussbus.lgs.lu\/wp-content\/uploads\/Friddensliicht2021_3-768x576.jpg 768w, https:\/\/groussbus.lgs.lu\/wp-content\/uploads\/Friddensliicht2021_3-1536x1152.jpg 1536w, https:\/\/groussbus.lgs.lu\/wp-content\/uploads\/Friddensliicht2021_3.jpg 2048w\" sizes=\"auto, (max-width: 1024px) 100vw, 1024px\" \/><\/figure>\n\n\n\n<figure class=\"wp-block-image size-large\"><img loading=\"lazy\" decoding=\"async\" width=\"576\" height=\"768\" data-id=\"980\" src=\"https:\/\/groussbus.lgs.lu\/wp-content\/uploads\/Friddensliicht2021_4.jpg\" alt=\"\" class=\"wp-image-980\" srcset=\"https:\/\/groussbus.lgs.lu\/wp-content\/uploads\/Friddensliicht2021_4.jpg 576w, https:\/\/groussbus.lgs.lu\/wp-content\/uploads\/Friddensliicht2021_4-225x300.jpg 225w\" sizes=\"auto, (max-width: 576px) 100vw, 576px\" \/><\/figure>\n\n\n\n<figure class=\"wp-block-image size-large\"><img loading=\"lazy\" decoding=\"async\" width=\"768\" height=\"1024\" data-id=\"977\" src=\"https:\/\/groussbus.lgs.lu\/wp-content\/uploads\/Friddensliicht2021_1-768x1024.jpg\" alt=\"\" class=\"wp-image-977\" srcset=\"https:\/\/groussbus.lgs.lu\/wp-content\/uploads\/Friddensliicht2021_1-768x1024.jpg 768w, https:\/\/groussbus.lgs.lu\/wp-content\/uploads\/Friddensliicht2021_1-225x300.jpg 225w, https:\/\/groussbus.lgs.lu\/wp-content\/uploads\/Friddensliicht2021_1-1152x1536.jpg 1152w, https:\/\/groussbus.lgs.lu\/wp-content\/uploads\/Friddensliicht2021_1.jpg 1536w\" sizes=\"auto, (max-width: 768px) 100vw, 768px\" \/><\/figure>\n\n\n\n<figure class=\"wp-block-image size-large\"><img loading=\"lazy\" decoding=\"async\" width=\"768\" height=\"576\" data-id=\"978\" src=\"https:\/\/groussbus.lgs.lu\/wp-content\/uploads\/Friddensliicht2021_2.jpg\" alt=\"\" class=\"wp-image-978\" srcset=\"https:\/\/groussbus.lgs.lu\/wp-content\/uploads\/Friddensliicht2021_2.jpg 768w, https:\/\/groussbus.lgs.lu\/wp-content\/uploads\/Friddensliicht2021_2-300x225.jpg 300w\" sizes=\"auto, (max-width: 768px) 100vw, 768px\" \/><\/figure>\n\n\n\n<figure class=\"wp-block-image size-large\"><img loading=\"lazy\" decoding=\"async\" width=\"750\" height=\"563\" data-id=\"982\" src=\"https:\/\/groussbus.lgs.lu\/wp-content\/uploads\/Friddensliicht2021_6.jpg\" alt=\"\" class=\"wp-image-982\" srcset=\"https:\/\/groussbus.lgs.lu\/wp-content\/uploads\/Friddensliicht2021_6.jpg 750w, https:\/\/groussbus.lgs.lu\/wp-content\/uploads\/Friddensliicht2021_6-300x225.jpg 300w\" sizes=\"auto, (max-width: 750px) 100vw, 750px\" \/><\/figure>\n\n\n\n<figure class=\"wp-block-image size-large\"><img loading=\"lazy\" decoding=\"async\" width=\"750\" height=\"563\" data-id=\"981\" src=\"https:\/\/groussbus.lgs.lu\/wp-content\/uploads\/Friddensliicht2021_5.jpg\" alt=\"\" class=\"wp-image-981\" srcset=\"https:\/\/groussbus.lgs.lu\/wp-content\/uploads\/Friddensliicht2021_5.jpg 750w, https:\/\/groussbus.lgs.lu\/wp-content\/uploads\/Friddensliicht2021_5-300x225.jpg 300w\" sizes=\"auto, (max-width: 750px) 100vw, 750px\" \/><\/figure>\n<\/figure>\n\n\n\n<p><\/p>\n\n\n\n<p>D&#8217;Friddenliicht huet eng laang Traditioun bei der LGS, and d\u00ebst Joer si mir et den 18 Dezember op Beefort siche gaang. Et ass e puer Deeg mei sp\u00e9id a verschiddenen Kiirchen un d&#8217;Leit ausgedeelt ginn<\/p>\n\n\n\n<hr class=\"wp-block-separator has-alpha-channel-opacity\"\/>\n\n\n\n<figure class=\"wp-block-gallery has-nested-images columns-default is-cropped wp-block-gallery-2 is-layout-flex wp-block-gallery-is-layout-flex\">\n<figure class=\"wp-block-image size-large\"><img loading=\"lazy\" decoding=\"async\" width=\"902\" height=\"520\" data-id=\"975\" src=\"https:\/\/groussbus.lgs.lu\/wp-content\/uploads\/CommNationale2021_1.jpg\" alt=\"\" class=\"wp-image-975\" srcset=\"https:\/\/groussbus.lgs.lu\/wp-content\/uploads\/CommNationale2021_1.jpg 902w, https:\/\/groussbus.lgs.lu\/wp-content\/uploads\/CommNationale2021_1-300x173.jpg 300w, https:\/\/groussbus.lgs.lu\/wp-content\/uploads\/CommNationale2021_1-768x443.jpg 768w\" sizes=\"auto, (max-width: 902px) 100vw, 902px\" \/><\/figure>\n\n\n\n<figure class=\"wp-block-image size-large\"><img loading=\"lazy\" decoding=\"async\" width=\"1024\" height=\"734\" data-id=\"976\" src=\"https:\/\/groussbus.lgs.lu\/wp-content\/uploads\/CommNationale2021_2-1024x734.jpg\" alt=\"\" class=\"wp-image-976\" srcset=\"https:\/\/groussbus.lgs.lu\/wp-content\/uploads\/CommNationale2021_2-1024x734.jpg 1024w, https:\/\/groussbus.lgs.lu\/wp-content\/uploads\/CommNationale2021_2-300x215.jpg 300w, https:\/\/groussbus.lgs.lu\/wp-content\/uploads\/CommNationale2021_2-768x551.jpg 768w, https:\/\/groussbus.lgs.lu\/wp-content\/uploads\/CommNationale2021_2-1536x1101.jpg 1536w, https:\/\/groussbus.lgs.lu\/wp-content\/uploads\/CommNationale2021_2.jpg 2048w\" sizes=\"auto, (max-width: 1024px) 100vw, 1024px\" \/><\/figure>\n<\/figure>\n\n\n\n<p>10.November: Comm\u00e9moration nationale zu Groussbus<\/p>\n","protected":false},"excerpt":{"rendered":"<p>D&#8217;Friddenliicht huet eng laang Traditioun bei der LGS, and d\u00ebst Joer si mir et den 18 Dezember op Beefort siche gaang. Et ass e puer Deeg mei sp\u00e9id a verschiddenen Kiirchen un d&#8217;Leit ausgedeelt ginn 10.November: Comm\u00e9moration nationale zu Groussbus<\/p>\n","protected":false},"author":2,"featured_media":0,"parent":0,"menu_order":0,"comment_status":"closed","ping_status":"closed","template":"","meta":{"footnotes":""},"class_list":["post-951","page","type-page","status-publish","hentry"],"publishpress_future_action":{"enabled":false,"date":"2026-05-16 12:29:51","action":"change-status","newStatus":"draft","terms":[],"taxonomy":"","extraData":[]},"publishpress_future_workflow_manual_trigger":{"enabledWorkflows":[]},"_links":{"self":[{"href":"https:\/\/groussbus.lgs.lu\/index.php?rest_route=\/wp\/v2\/pages\/951","targetHints":{"allow":["GET"]}}],"collection":[{"href":"https:\/\/groussbus.lgs.lu\/index.php?rest_route=\/wp\/v2\/pages"}],"about":[{"href":"https:\/\/groussbus.lgs.lu\/index.php?rest_route=\/wp\/v2\/types\/page"}],"author":[{"embeddable":true,"href":"https:\/\/groussbus.lgs.lu\/index.php?rest_route=\/wp\/v2\/users\/2"}],"replies":[{"embeddable":true,"href":"https:\/\/groussbus.lgs.lu\/index.php?rest_route=%2Fwp%2Fv2%2Fcomments&post=951"}],"version-history":[{"count":7,"href":"https:\/\/groussbus.lgs.lu\/index.php?rest_route=\/wp\/v2\/pages\/951\/revisions"}],"predecessor-version":[{"id":989,"href":"https:\/\/groussbus.lgs.lu\/index.php?rest_route=\/wp\/v2\/pages\/951\/revisions\/989"}],"wp:attachment":[{"href":"https:\/\/groussbus.lgs.lu\/index.php?rest_route=%2Fwp%2Fv2%2Fmedia&parent=951"}],"curies":[{"name":"wp","href":"https:\/\/api.w.org\/{rel}","templated":true}]}}