{"id":699,"date":"2022-03-18T12:01:44","date_gmt":"2022-03-18T11:01:44","guid":{"rendered":"https:\/\/groussbus.lgs.lu\/?page_id=699"},"modified":"2022-03-19T22:32:07","modified_gmt":"2022-03-19T21:32:07","slug":"dokumenter-raro","status":"publish","type":"page","link":"https:\/\/groussbus.lgs.lu\/?page_id=699","title":{"rendered":"Dokumenter Raro"},"content":{"rendered":"\n<div class=\"wp-block-columns is-layout-flex wp-container-core-columns-is-layout-9d6595d7 wp-block-columns-is-layout-flex\">\n<div class=\"wp-block-column is-layout-flow wp-block-column-is-layout-flow\" style=\"flex-basis:33.33%\">\n<figure class=\"wp-block-image size-full\"><img loading=\"lazy\" decoding=\"async\" width=\"300\" height=\"300\" src=\"https:\/\/groussbus.lgs.lu\/wp-content\/uploads\/2022\/02\/RaRo_rgb-300x300-1.png\" alt=\"\" class=\"wp-image-30\" srcset=\"https:\/\/groussbus.lgs.lu\/wp-content\/uploads\/2022\/02\/RaRo_rgb-300x300-1.png 300w, https:\/\/groussbus.lgs.lu\/wp-content\/uploads\/2022\/02\/RaRo_rgb-300x300-1-150x150.png 150w, https:\/\/groussbus.lgs.lu\/wp-content\/uploads\/2022\/02\/RaRo_rgb-300x300-1-100x100.png 100w\" sizes=\"auto, (max-width: 300px) 100vw, 300px\" \/><\/figure>\n<\/div>\n\n\n\n<div class=\"wp-block-column is-layout-flow wp-block-column-is-layout-flow\" style=\"flex-basis:66.66%\">\n<p>Op d\u00ebser Sait f\u00ebnns du all Dokumenter mat Informatiounen, d\u00e9i fir eis Aktivit\u00e9iten wichteg sinn.<\/p>\n<\/div>\n<\/div>\n\n\n<hr style=\"height: 2px; border-width: 0; color: gray; background-color: gray;\">\n\n\n<div class=\"wp-block-columns is-layout-flex wp-container-core-columns-is-layout-9d6595d7 wp-block-columns-is-layout-flex\">\n<div class=\"wp-block-column is-layout-flow wp-block-column-is-layout-flow\">\n<figure class=\"wp-block-image size-full is-resized\"><img loading=\"lazy\" decoding=\"async\" src=\"https:\/\/groussbus.lgs.lu\/wp-content\/uploads\/fiche-medicale.jpg\" alt=\"\" class=\"wp-image-653\" width=\"113\" height=\"113\" srcset=\"https:\/\/groussbus.lgs.lu\/wp-content\/uploads\/fiche-medicale.jpg 225w, https:\/\/groussbus.lgs.lu\/wp-content\/uploads\/fiche-medicale-150x150.jpg 150w\" sizes=\"auto, (max-width: 113px) 100vw, 113px\" \/><\/figure>\n<\/div>\n\n\n\n<div class=\"wp-block-column is-layout-flow wp-block-column-is-layout-flow\">\n<p><a href=\"https:\/\/groussbus.lgs.lu\/wp-content\/uploads\/Fiche_Medicale_-18_LU2021-2-1.pdf\">Fiche m\u00e9dicale &lt;18<\/a><\/p>\n\n\n\n<p><a href=\"https:\/\/groussbus.lgs.lu\/wp-content\/uploads\/Fiche_Medicale_iwwer18_LU2021-1.pdf\">Fiche m\u00e9dicale >18<\/a><\/p>\n<\/div>\n\n\n\n<div class=\"wp-block-column is-layout-flow wp-block-column-is-layout-flow\">\n<p><a href=\"https:\/\/groussbus.lgs.lu\/wp-content\/uploads\/mini-fiche-medicale-1.pdf\">Mini Fiche M\u00e9dicale<\/a><\/p>\n<\/div>\n<\/div>\n\n\n<hr style=\"height: 2px; border-width: 0; color: gray; background-color: gray;\">\n\n\n<div class=\"wp-block-columns is-layout-flex wp-container-core-columns-is-layout-9d6595d7 wp-block-columns-is-layout-flex\">\n<div class=\"wp-block-column is-layout-flow wp-block-column-is-layout-flow\" style=\"flex-basis:33.33%\">\n<figure class=\"wp-block-image size-full\"><img loading=\"lazy\" decoding=\"async\" width=\"32\" height=\"20\" src=\"https:\/\/groussbus.lgs.lu\/wp-content\/uploads\/luxembourg-1.gif\" alt=\"\" class=\"wp-image-646\"><\/figure>\n<\/div>\n\n\n\n<div class=\"wp-block-column is-layout-flow wp-block-column-is-layout-flow\" style=\"flex-basis:66.66%\">\n<p><a href=\"https:\/\/groussbus.lgs.lu\/wp-content\/uploads\/PDF\/lux\/Averstaendniserklaerung-RaRo-Mannerjhaereg.pdf\">Averst\u00e4ndniserkl\u00e4rung fir Fotoen (&lt;18)<\/a><\/p>\n\n\n\n<p><a href=\"https:\/\/groussbus.lgs.lu\/wp-content\/uploads\/PDF\/lux\/Averstaendniserklaerung-RaRo-iwer-18.pdf\">Averst\u00e4ndniserkl\u00e4rung fir Fotoen (>18)<\/a><\/p>\n<\/div>\n<\/div>\n\n\n\n<div class=\"wp-block-columns is-layout-flex wp-container-core-columns-is-layout-9d6595d7 wp-block-columns-is-layout-flex\">\n<div class=\"wp-block-column is-layout-flow wp-block-column-is-layout-flow\" style=\"flex-basis:33.33%\">\n<figure class=\"wp-block-image size-full\"><img loading=\"lazy\" decoding=\"async\" width=\"32\" height=\"20\" src=\"https:\/\/groussbus.lgs.lu\/wp-content\/uploads\/germany.gif\" alt=\"\" class=\"wp-image-643\"><\/figure>\n<\/div>\n\n\n\n<div class=\"wp-block-column is-layout-flow wp-block-column-is-layout-flow\" style=\"flex-basis:66.66%\">\n<p><a href=\"https:\/\/groussbus.lgs.lu\/wp-content\/uploads\/PDF\/de\/Einverstaendniserklaerung-Raro-unter-18.pdf\">Einverst\u00e4ndniserkl\u00e4rung f\u00fcr Photo&#8217;s (&lt;18)<\/a><\/p>\n\n\n\n<p><a href=\"https:\/\/groussbus.lgs.lu\/wp-content\/uploads\/PDF\/de\/Einverstaendniserklaerung-RaRo-ueber-18.pdf\">Einverst\u00e4ndniserkl\u00e4rung f\u00fcr Photo&#8217;s (>18)<\/a><\/p>\n<\/div>\n<\/div>\n\n\n\n<div class=\"wp-block-columns is-layout-flex wp-container-core-columns-is-layout-9d6595d7 wp-block-columns-is-layout-flex\">\n<div class=\"wp-block-column is-layout-flow wp-block-column-is-layout-flow\" style=\"flex-basis:33.33%\">\n<figure class=\"wp-block-image size-full\"><img loading=\"lazy\" decoding=\"async\" width=\"32\" height=\"20\" src=\"https:\/\/groussbus.lgs.lu\/wp-content\/uploads\/france.gif\" alt=\"\" class=\"wp-image-642\"><\/figure>\n<\/div>\n\n\n\n<div class=\"wp-block-column is-layout-flow wp-block-column-is-layout-flow\" style=\"flex-basis:66.66%\">\n<p><a href=\"https:\/\/groussbus.lgs.lu\/wp-content\/uploads\/PDF\/fr\/Autorisation-photos-RaRo-mineurs.pdf\">Autorisation pour photos (&lt;18)<\/a> <\/p>\n\n\n\n<p><a href=\"https:\/\/groussbus.lgs.lu\/wp-content\/uploads\/PDF\/fr\/Autorisation-photos-RaRo.pdf\">Autorisation pour photos (>18)<\/a><\/p>\n<\/div>\n<\/div>\n\n\n<hr style=\"height: 2px; border-width: 0; color: gray; background-color: gray;\" \/>","protected":false},"excerpt":{"rendered":"<p>Op d\u00ebser Sait f\u00ebnns du all Dokumenter mat Informatiounen, d\u00e9i fir eis Aktivit\u00e9iten wichteg sinn. Fiche m\u00e9dicale &lt;18 Fiche m\u00e9dicale >18 Mini Fiche M\u00e9dicale Averst\u00e4ndniserkl\u00e4rung fir Fotoen (&lt;18) Averst\u00e4ndniserkl\u00e4rung fir Fotoen (>18) Einverst\u00e4ndniserkl\u00e4rung f\u00fcr Photo&#8217;s (&lt;18) Einverst\u00e4ndniserkl\u00e4rung f\u00fcr Photo&#8217;s (>18) Autorisation pour photos (&lt;18) Autorisation pour photos (>18)<\/p>\n","protected":false},"author":2,"featured_media":0,"parent":0,"menu_order":0,"comment_status":"closed","ping_status":"closed","template":"","meta":{"footnotes":""},"class_list":["post-699","page","type-page","status-publish","hentry"],"publishpress_future_action":{"enabled":false,"date":"2026-05-09 05:48:57","action":"change-status","newStatus":"draft","terms":[],"taxonomy":"","extraData":[]},"publishpress_future_workflow_manual_trigger":{"enabledWorkflows":[]},"_links":{"self":[{"href":"https:\/\/groussbus.lgs.lu\/index.php?rest_route=\/wp\/v2\/pages\/699","targetHints":{"allow":["GET"]}}],"collection":[{"href":"https:\/\/groussbus.lgs.lu\/index.php?rest_route=\/wp\/v2\/pages"}],"about":[{"href":"https:\/\/groussbus.lgs.lu\/index.php?rest_route=\/wp\/v2\/types\/page"}],"author":[{"embeddable":true,"href":"https:\/\/groussbus.lgs.lu\/index.php?rest_route=\/wp\/v2\/users\/2"}],"replies":[{"embeddable":true,"href":"https:\/\/groussbus.lgs.lu\/index.php?rest_route=%2Fwp%2Fv2%2Fcomments&post=699"}],"version-history":[{"count":3,"href":"https:\/\/groussbus.lgs.lu\/index.php?rest_route=\/wp\/v2\/pages\/699\/revisions"}],"predecessor-version":[{"id":741,"href":"https:\/\/groussbus.lgs.lu\/index.php?rest_route=\/wp\/v2\/pages\/699\/revisions\/741"}],"wp:attachment":[{"href":"https:\/\/groussbus.lgs.lu\/index.php?rest_route=%2Fwp%2Fv2%2Fmedia&parent=699"}],"curies":[{"name":"wp","href":"https:\/\/api.w.org\/{rel}","templated":true}]}}