{"id":59,"date":"2022-02-12T08:53:38","date_gmt":"2022-02-12T08:53:38","guid":{"rendered":"http:\/\/groussbus.lgs.lu\/colibri-wp\/"},"modified":"2024-06-10T19:59:56","modified_gmt":"2024-06-10T18:59:56","slug":"colibri-wp","status":"publish","type":"page","link":"https:\/\/groussbus.lgs.lu\/","title":{"rendered":""},"content":{"rendered":"\n<h2 class=\"wp-block-heading\">L\u00ebtzebuerger Guiden a Scouten<\/h2>\n\n\n\n<div class=\"wp-block-columns is-not-stacked-on-mobile is-layout-flex wp-container-core-columns-is-layout-9d6595d7 wp-block-columns-is-layout-flex\">\n<div class=\"wp-block-column is-layout-flow wp-block-column-is-layout-flow\">\n<figure class=\"wp-block-image size-full\"><a href=\"https:\/\/groussbus.lgs.lu\/?page_id=182#Biber\"><img loading=\"lazy\" decoding=\"async\" width=\"300\" height=\"300\" src=\"https:\/\/groussbus.lgs.lu\/wp-content\/uploads\/2022\/02\/Biber_rgb-300x300-1.png\" alt=\"Biber\" class=\"wp-image-26\" srcset=\"https:\/\/groussbus.lgs.lu\/wp-content\/uploads\/2022\/02\/Biber_rgb-300x300-1.png 300w, https:\/\/groussbus.lgs.lu\/wp-content\/uploads\/2022\/02\/Biber_rgb-300x300-1-150x150.png 150w, https:\/\/groussbus.lgs.lu\/wp-content\/uploads\/2022\/02\/Biber_rgb-300x300-1-100x100.png 100w\" sizes=\"auto, (max-width: 300px) 100vw, 300px\" \/><\/a><figcaption class=\"wp-element-caption\">6-8 Joer<\/figcaption><\/figure>\n<\/div>\n\n\n\n<div class=\"wp-block-column is-layout-flow wp-block-column-is-layout-flow\">\n<figure class=\"wp-block-image size-full\"><a href=\"https:\/\/groussbus.lgs.lu\/?page_id=182#Wellefcher\"><img loading=\"lazy\" decoding=\"async\" width=\"300\" height=\"300\" src=\"https:\/\/groussbus.lgs.lu\/wp-content\/uploads\/2022\/02\/Wellefcher_rgb-300x300-1.png\" alt=\"W\u00ebllefcher\" class=\"wp-image-27\" srcset=\"https:\/\/groussbus.lgs.lu\/wp-content\/uploads\/2022\/02\/Wellefcher_rgb-300x300-1.png 300w, https:\/\/groussbus.lgs.lu\/wp-content\/uploads\/2022\/02\/Wellefcher_rgb-300x300-1-150x150.png 150w, https:\/\/groussbus.lgs.lu\/wp-content\/uploads\/2022\/02\/Wellefcher_rgb-300x300-1-100x100.png 100w\" sizes=\"auto, (max-width: 300px) 100vw, 300px\" \/><\/a><figcaption class=\"wp-element-caption\">8-11 Joer<\/figcaption><\/figure>\n<\/div>\n\n\n\n<div class=\"wp-block-column is-layout-flow wp-block-column-is-layout-flow\">\n<figure class=\"wp-block-image size-full\"><a href=\"https:\/\/groussbus.lgs.lu\/?page_id=182#AvEx\"><img loading=\"lazy\" decoding=\"async\" width=\"300\" height=\"300\" src=\"https:\/\/groussbus.lgs.lu\/wp-content\/uploads\/2022\/02\/AvEx_rgb-300x300-1.png\" alt=\"AvEx\" class=\"wp-image-28\" srcset=\"https:\/\/groussbus.lgs.lu\/wp-content\/uploads\/2022\/02\/AvEx_rgb-300x300-1.png 300w, https:\/\/groussbus.lgs.lu\/wp-content\/uploads\/2022\/02\/AvEx_rgb-300x300-1-150x150.png 150w, https:\/\/groussbus.lgs.lu\/wp-content\/uploads\/2022\/02\/AvEx_rgb-300x300-1-100x100.png 100w\" sizes=\"auto, (max-width: 300px) 100vw, 300px\" \/><\/a><figcaption class=\"wp-element-caption\">11-14 Joer<\/figcaption><\/figure>\n<\/div>\n<\/div>\n\n\n\n<div class=\"wp-block-columns is-not-stacked-on-mobile is-layout-flex wp-container-core-columns-is-layout-9d6595d7 wp-block-columns-is-layout-flex\">\n<div class=\"wp-block-column is-layout-flow wp-block-column-is-layout-flow\">\n<figure class=\"wp-block-image size-full\"><a href=\"https:\/\/groussbus.lgs.lu\/?page_id=182#CaraPio\"><img loading=\"lazy\" decoding=\"async\" width=\"300\" height=\"300\" src=\"https:\/\/groussbus.lgs.lu\/wp-content\/uploads\/2022\/02\/CaraPio_rgb-300x300-2.png\" alt=\"CaraPio\" class=\"wp-image-29\" srcset=\"https:\/\/groussbus.lgs.lu\/wp-content\/uploads\/2022\/02\/CaraPio_rgb-300x300-2.png 300w, https:\/\/groussbus.lgs.lu\/wp-content\/uploads\/2022\/02\/CaraPio_rgb-300x300-2-150x150.png 150w, https:\/\/groussbus.lgs.lu\/wp-content\/uploads\/2022\/02\/CaraPio_rgb-300x300-2-100x100.png 100w\" sizes=\"auto, (max-width: 300px) 100vw, 300px\" \/><\/a><figcaption class=\"wp-element-caption\">14-17 Joer<\/figcaption><\/figure>\n<\/div>\n\n\n\n<div class=\"wp-block-column is-layout-flow wp-block-column-is-layout-flow\">\n<figure class=\"wp-block-image size-full\"><a href=\"https:\/\/groussbus.lgs.lu\/?page_id=182#RaRo\"><img loading=\"lazy\" decoding=\"async\" width=\"300\" height=\"300\" src=\"https:\/\/groussbus.lgs.lu\/wp-content\/uploads\/2022\/02\/RaRo_rgb-300x300-1.png\" alt=\"RaRo\" class=\"wp-image-30\" srcset=\"https:\/\/groussbus.lgs.lu\/wp-content\/uploads\/2022\/02\/RaRo_rgb-300x300-1.png 300w, https:\/\/groussbus.lgs.lu\/wp-content\/uploads\/2022\/02\/RaRo_rgb-300x300-1-150x150.png 150w, https:\/\/groussbus.lgs.lu\/wp-content\/uploads\/2022\/02\/RaRo_rgb-300x300-1-100x100.png 100w\" sizes=\"auto, (max-width: 300px) 100vw, 300px\" \/><\/a><figcaption class=\"wp-element-caption\">17-23 Joer<\/figcaption><\/figure>\n<\/div>\n\n\n\n<div class=\"wp-block-column is-layout-flow wp-block-column-is-layout-flow\">\n<figure class=\"wp-block-image size-full\"><a href=\"https:\/\/groussbus.lgs.lu\/?page_id=182#Albatrossen\"><img loading=\"lazy\" decoding=\"async\" width=\"300\" height=\"300\" src=\"https:\/\/groussbus.lgs.lu\/wp-content\/uploads\/2022\/03\/Albatrossen_rgb-300x300-1.png\" alt=\"Albatrossen\" class=\"wp-image-158\" srcset=\"https:\/\/groussbus.lgs.lu\/wp-content\/uploads\/2022\/03\/Albatrossen_rgb-300x300-1.png 300w, https:\/\/groussbus.lgs.lu\/wp-content\/uploads\/2022\/03\/Albatrossen_rgb-300x300-1-150x150.png 150w\" sizes=\"auto, (max-width: 300px) 100vw, 300px\" \/><\/a><figcaption class=\"wp-element-caption\">23 + Joer<\/figcaption><\/figure>\n<\/div>\n<\/div>\n\n\n<hr style=\"height: 2px; border-width: 0; color: gray; background-color: gray;\" \/>\n\n\n<p align=\"justify\"> D\u2019L\u00ebtzebuerger Guiden a Scouten ass d\u00e9i gr\u00e9issten edukative Jugendmouvement zu L\u00ebtzebuerg. D\u2018Missioun ass et d\u00e9i Jonk dorop virzebereeden, sp\u00e9iderhi Responsabilit\u00e9it fir sech a fir aneren z\u2019iwwerhuelen.<br>An deem S\u00ebnn bidden mir de Jonken en oppene Kader, wou jiddereen aktiv matmaachen a matbest\u00ebmmen dierf.<\/p>\n\n\n\n<figure class=\"wp-block-image size-full\"><img loading=\"lazy\" decoding=\"async\" width=\"1000\" height=\"631\" src=\"https:\/\/groussbus.lgs.lu\/wp-content\/uploads\/2022\/02\/vill_faarweg_Hann_banner-1.jpg\" alt=\"L\u00ebtzebuerger Guiden a Scouten\" class=\"wp-image-96\" srcset=\"https:\/\/groussbus.lgs.lu\/wp-content\/uploads\/2022\/02\/vill_faarweg_Hann_banner-1.jpg 1000w, https:\/\/groussbus.lgs.lu\/wp-content\/uploads\/2022\/02\/vill_faarweg_Hann_banner-1-300x189.jpg 300w, https:\/\/groussbus.lgs.lu\/wp-content\/uploads\/2022\/02\/vill_faarweg_Hann_banner-1-768x485.jpg 768w\" sizes=\"auto, (max-width: 1000px) 100vw, 1000px\" \/><\/figure>\n\n\n\n<h2 class=\"wp-block-heading\">Fir mech, fir dech, fir eis, fir jiddereen<\/h2>\n\n\n\n<p align=\"justify\">Zesummen a Gruppe kann en flott Erfahrunge maachen, Fr\u00ebndschafte schl\u00e9issen,sozial F\u00e4egkeete l\u00e9ieren an sech pers\u00e9inlech weider entw\u00e9ckelen.<br>Sou l\u00e9ieren d\u00e9i Jonk d\u2019Natur ze respekt\u00e9ieren, iwwer sech selwer an hiert \u00cbmfeld nozedenke fir sech sp\u00e9ider aktiv fir aneren anzesetzen.<\/p>\n\n\n\n<figure class=\"wp-block-image size-full is-resized\"><img decoding=\"async\" src=\"https:\/\/groussbus.lgs.lu\/wp-content\/uploads\/zesummen.jpg\" alt=\"Zesummen goen\" class=\"wp-image-159\" style=\"width:600px;height:450px\"\/><\/figure>\n\n\n\n<h2 class=\"wp-block-heading\">D\u2019Zukunft geh\u00e9iert eis! &#8211; Mot d\u2019ordre vun der LGS<\/h2>\n\n\n\n<div class=\"wp-block-columns is-layout-flex wp-container-core-columns-is-layout-9d6595d7 wp-block-columns-is-layout-flex\">\n<div class=\"wp-block-column is-layout-flow wp-block-column-is-layout-flow\" style=\"flex-basis:33.33%\"><div class=\"wp-block-image\">\n<figure class=\"aligncenter size-full\"><img loading=\"lazy\" decoding=\"async\" width=\"2362\" height=\"2362\" src=\"https:\/\/groussbus.lgs.lu\/wp-content\/uploads\/LGS_Mot-dordre_2023-2026-1.png\" alt=\"\" class=\"wp-image-1522\" srcset=\"https:\/\/groussbus.lgs.lu\/wp-content\/uploads\/LGS_Mot-dordre_2023-2026-1.png 2362w, https:\/\/groussbus.lgs.lu\/wp-content\/uploads\/LGS_Mot-dordre_2023-2026-1-300x300.png 300w, https:\/\/groussbus.lgs.lu\/wp-content\/uploads\/LGS_Mot-dordre_2023-2026-1-1024x1024.png 1024w, https:\/\/groussbus.lgs.lu\/wp-content\/uploads\/LGS_Mot-dordre_2023-2026-1-150x150.png 150w, https:\/\/groussbus.lgs.lu\/wp-content\/uploads\/LGS_Mot-dordre_2023-2026-1-768x768.png 768w, https:\/\/groussbus.lgs.lu\/wp-content\/uploads\/LGS_Mot-dordre_2023-2026-1-1536x1536.png 1536w, https:\/\/groussbus.lgs.lu\/wp-content\/uploads\/LGS_Mot-dordre_2023-2026-1-2048x2048.png 2048w\" sizes=\"auto, (max-width: 2362px) 100vw, 2362px\" \/><\/figure>\n<\/div><\/div>\n\n\n\n<div class=\"wp-block-column is-layout-flow wp-block-column-is-layout-flow\" style=\"flex-basis:66.66%\">\n<p align=\"justify\">E Mot d\u2019ordre leeft iwwer 3 Joer an ass eng Opfuederung fir jiddereen, souwuel Membere wei aner Interess\u00e9ierter, aktiv bei de L\u00ebtzebuerger Guiden a Scouten matzemaachen. Participatioun bas\u00e9iert op der Iwwerzeegung, datt jiddereen d\u2019Recht an d\u2019M\u00e9iglechkeet huet bei Entscheedungen an Ugelee\u00ebnheeten, d\u00e9i d\u2019eegent Liewen, d\u2019eege Gemeinschaft an d\u2019eegen \u00cbmwelt betreffen, mat ze schw\u00e4tzen, sech anzebr\u00e9ngen, zesumme L\u00e9isungen ze sichen an d\u00ebs zesummen \u00ebmzesetzen.\nAls Jugendmouvement w\u00eblle mir d\u00e9i Jonk op hirem Wee st\u00e4erken, \u00ebnnerst\u00ebtzen an si drop virbereeden, Verantwortung vis-\u00e0-vis vun hire Matm\u00ebnschen, hirer \u00cbmwelt a vis-a-vis vun sech selwer ze iwwerhuelen.<\/p>\n<\/div>\n<\/div>\n\n\n\n<figure class=\"wp-block-image size-large\"><img loading=\"lazy\" decoding=\"async\" width=\"1024\" height=\"768\" src=\"https:\/\/groussbus.lgs.lu\/wp-content\/uploads\/matgoen-1024x768.jpg\" alt=\"Komm mat\" class=\"wp-image-219\" srcset=\"https:\/\/groussbus.lgs.lu\/wp-content\/uploads\/matgoen-1024x768.jpg 1024w, https:\/\/groussbus.lgs.lu\/wp-content\/uploads\/matgoen-300x225.jpg 300w, https:\/\/groussbus.lgs.lu\/wp-content\/uploads\/matgoen-768x576.jpg 768w, https:\/\/groussbus.lgs.lu\/wp-content\/uploads\/matgoen-1536x1152.jpg 1536w, https:\/\/groussbus.lgs.lu\/wp-content\/uploads\/matgoen-24x18.jpg 24w, https:\/\/groussbus.lgs.lu\/wp-content\/uploads\/matgoen-36x27.jpg 36w, https:\/\/groussbus.lgs.lu\/wp-content\/uploads\/matgoen-48x36.jpg 48w, https:\/\/groussbus.lgs.lu\/wp-content\/uploads\/matgoen.jpg 1600w\" sizes=\"auto, (max-width: 1024px) 100vw, 1024px\" \/><\/figure>\n\n\n\n<p><\/p>\n","protected":false},"excerpt":{"rendered":"<p>L\u00ebtzebuerger Guiden a Scouten D\u2019L\u00ebtzebuerger Guiden a Scouten ass d\u00e9i gr\u00e9issten edukative Jugendmouvement zu L\u00ebtzebuerg. D\u2018Missioun ass et d\u00e9i Jonk dorop virzebereeden, sp\u00e9iderhi Responsabilit\u00e9it fir sech a fir aneren z\u2019iwwerhuelen.An deem S\u00ebnn bidden mir de Jonken en oppene Kader, wou jiddereen aktiv matmaachen a matbest\u00ebmmen dierf. Fir mech, fir dech, fir eis, fir jiddereen Zesummen &hellip; <a href=\"https:\/\/groussbus.lgs.lu\/\" class=\"more-link\">Continue reading <span class=\"screen-reader-text\"><\/span><\/a><\/p>\n","protected":false},"author":2,"featured_media":0,"parent":0,"menu_order":0,"comment_status":"closed","ping_status":"closed","template":"","meta":{"footnotes":""},"class_list":["post-59","page","type-page","status-publish","hentry"],"publishpress_future_action":{"enabled":false,"date":"2026-04-28 12:36:11","action":"change-status","newStatus":"draft","terms":[],"taxonomy":"","extraData":[]},"publishpress_future_workflow_manual_trigger":{"enabledWorkflows":[]},"_links":{"self":[{"href":"https:\/\/groussbus.lgs.lu\/index.php?rest_route=\/wp\/v2\/pages\/59","targetHints":{"allow":["GET"]}}],"collection":[{"href":"https:\/\/groussbus.lgs.lu\/index.php?rest_route=\/wp\/v2\/pages"}],"about":[{"href":"https:\/\/groussbus.lgs.lu\/index.php?rest_route=\/wp\/v2\/types\/page"}],"author":[{"embeddable":true,"href":"https:\/\/groussbus.lgs.lu\/index.php?rest_route=\/wp\/v2\/users\/2"}],"replies":[{"embeddable":true,"href":"https:\/\/groussbus.lgs.lu\/index.php?rest_route=%2Fwp%2Fv2%2Fcomments&post=59"}],"version-history":[{"count":55,"href":"https:\/\/groussbus.lgs.lu\/index.php?rest_route=\/wp\/v2\/pages\/59\/revisions"}],"predecessor-version":[{"id":1524,"href":"https:\/\/groussbus.lgs.lu\/index.php?rest_route=\/wp\/v2\/pages\/59\/revisions\/1524"}],"wp:attachment":[{"href":"https:\/\/groussbus.lgs.lu\/index.php?rest_route=%2Fwp%2Fv2%2Fmedia&parent=59"}],"curies":[{"name":"wp","href":"https:\/\/api.w.org\/{rel}","templated":true}]}}