{"id":442,"date":"2022-03-10T12:46:33","date_gmt":"2022-03-10T11:46:33","guid":{"rendered":"https:\/\/groussbus.lgs.lu\/?page_id=442"},"modified":"2022-03-29T21:14:21","modified_gmt":"2022-03-29T20:14:21","slug":"scouts-abc","status":"publish","type":"page","link":"https:\/\/groussbus.lgs.lu\/?page_id=442","title":{"rendered":"Scouts ABC"},"content":{"rendered":"\n<h4 class=\"wp-block-heading\">Eis Uniform<\/h4>\n\n\n\n<div class=\"wp-block-columns is-layout-flex wp-container-core-columns-is-layout-9d6595d7 wp-block-columns-is-layout-flex\">\n<div class=\"wp-block-column is-layout-flow wp-block-column-is-layout-flow\">\n<div class=\"wp-block-image\"><figure class=\"aligncenter size-full\"><img loading=\"lazy\" decoding=\"async\" width=\"164\" height=\"200\" src=\"https:\/\/groussbus.lgs.lu\/wp-content\/uploads\/Uniform-greng.png\" alt=\"\" class=\"wp-image-492\"><\/figure><\/div>\n<\/div>\n\n\n\n<div class=\"wp-block-column is-vertically-aligned-center is-layout-flow wp-block-column-is-layout-flow\">\n<ul class=\"wp-block-list\" style=\"font-size:15px\"><li>Gr\u00e9ngt Hiem<\/li><li>Foulard<\/li><li>Jeans Box<\/li><li>Fest Schong<\/li><\/ul>\n<\/div>\n\n\n\n<div class=\"wp-block-column is-layout-flow wp-block-column-is-layout-flow\">\n<div class=\"wp-block-image\"><figure class=\"aligncenter size-full\"><img loading=\"lazy\" decoding=\"async\" width=\"336\" height=\"336\" src=\"https:\/\/groussbus.lgs.lu\/wp-content\/uploads\/Foulard-all.png\" alt=\"\" class=\"wp-image-493\" srcset=\"https:\/\/groussbus.lgs.lu\/wp-content\/uploads\/Foulard-all.png 336w, https:\/\/groussbus.lgs.lu\/wp-content\/uploads\/Foulard-all-300x300.png 300w, https:\/\/groussbus.lgs.lu\/wp-content\/uploads\/Foulard-all-150x150.png 150w\" sizes=\"auto, (max-width: 336px) 100vw, 336px\" \/><\/figure><\/div>\n<\/div>\n<\/div>\n\n\n\n<h4 class=\"wp-block-heading\"><strong>W\u00e9ini muss ech wat undoen?<\/strong><\/h4>\n\n\n\n<p>Denkt drun iech \u00ebmmer dem Wieder entspriechend unzedoen, an am beschten ni dat neisten undoen fir bei eis ze kommen.<\/p>\n\n\n\n<figure class=\"wp-block-table is-style-stripes\" style=\"font-size:9px\"><table><tbody><tr><td><\/td><td class=\"has-text-align-center\" data-align=\"center\">Hiem<\/td><td class=\"has-text-align-center\" data-align=\"center\">Foulard<\/td><td class=\"has-text-align-center\" data-align=\"center\">Jeansbox<\/td><td class=\"has-text-align-center\" data-align=\"center\">Fest Schong<\/td><td><\/td><\/tr><tr><td>Versammlung<\/td><td class=\"has-text-align-center\" data-align=\"center\"><\/td><td class=\"has-text-align-center\" data-align=\"center\">X<\/td><td class=\"has-text-align-center\" data-align=\"center\"><\/td><td class=\"has-text-align-center\" data-align=\"center\">X<\/td><td>(B\u00ebschbox)<\/td><\/tr><tr><td>Sortie<\/td><td class=\"has-text-align-center\" data-align=\"center\">X<\/td><td class=\"has-text-align-center\" data-align=\"center\">X<\/td><td class=\"has-text-align-center\" data-align=\"center\"><strong><sub>(wa gefrot)<\/sub><\/strong><\/td><td class=\"has-text-align-center\" data-align=\"center\">X<\/td><td><\/td><\/tr><tr><td>Weekender<\/td><td class=\"has-text-align-center\" data-align=\"center\">X<\/td><td class=\"has-text-align-center\" data-align=\"center\">X<\/td><td class=\"has-text-align-center\" data-align=\"center\">X<\/td><td class=\"has-text-align-center\" data-align=\"center\">X<\/td><td><\/td><\/tr><\/tbody><\/table><\/figure>\n\n\n<hr style=\"height: 2px; border-width: 0; color: gray; background-color: gray;\">\n\n\n<h4 class=\"wp-block-heading\"><strong>Wou muss ech meng Badger ob der Uniform himachen?<\/strong><\/h4>\n\n\n\n<figure class=\"wp-block-image size-full is-style-default\"><img loading=\"lazy\" decoding=\"async\" width=\"642\" height=\"657\" src=\"https:\/\/groussbus.lgs.lu\/wp-content\/uploads\/Uniform.jpg\" alt=\"\" class=\"wp-image-495\" srcset=\"https:\/\/groussbus.lgs.lu\/wp-content\/uploads\/Uniform.jpg 642w, https:\/\/groussbus.lgs.lu\/wp-content\/uploads\/Uniform-293x300.jpg 293w\" sizes=\"auto, (max-width: 642px) 100vw, 642px\" \/><\/figure>\n\n\n\n<figure class=\"wp-block-table is-style-stripes has-small-font-size\"><table><tbody><tr><td>1.<\/td><td>Gruppenofzeechen<\/td><\/tr><tr><td>2.\/3.<\/td><td>WOSM a WAGGGS-Ofzeechen<\/td><\/tr><tr><td>4.<\/td><td>Branchen Badger<\/td><\/tr><tr><td>5.<\/td><td>Verspriechen<\/td><\/tr><tr><td>6.<\/td><td>Foulard<\/td><\/tr><tr><td>7.<\/td><td>Foulardsrank (Start)<\/td><\/tr><tr><td>7a.<\/td><td>Pin um Rank (Brevet)<\/td><\/tr><tr><td>8.<\/td><td>Branchen Logo<\/td><\/tr><tr><td>9.<\/td><td>Momentan national Aktivit\u00e9it<\/td><\/tr><tr><td>10.<\/td><td>Luxembourg<\/td><\/tr><tr><td>11.<\/td><td>Verbandsofzeechen<\/td><\/tr><tr><td>12.<\/td><td>Rimm<\/td><\/tr><tr><td>13.<\/td><td>Blo Box<\/td><\/tr><tr><td>14.<\/td><td>Evtl. Scoutshutt<\/td><\/tr><tr><td>15.<\/td><td>Campbager<\/td><\/tr><\/tbody><\/table><\/figure>\n\n\n\n<div class=\"wp-block-columns is-layout-flex wp-container-core-columns-is-layout-9d6595d7 wp-block-columns-is-layout-flex\">\n<div class=\"wp-block-column is-layout-flow wp-block-column-is-layout-flow\">\n<figure class=\"wp-block-table is-style-stripes\"><table><tbody><tr><td><strong>Branche<\/strong><\/td><td><strong>Faarf um Foulard<\/strong><\/td><\/tr><tr><td>Biber<\/td><td>-&gt; <font color=\"#43A3B1\">Turquoise<\/font><\/td><\/tr><tr><td>W\u00ebllef<\/td><td>-&gt; <font color=\"#FDDA33\">Giel<\/font><\/td><\/tr><tr><td>AvEx<\/td><td>-&gt; <font color=\"#704B99\">Moof<\/font><\/td><\/tr><tr><td>Carapio<\/td><td>-&gt; <font color=\"#D93F2A\">Rout<\/font><\/td><\/tr><tr><td>RaRo<\/td><td>-&gt; <font color=\"#BF8F00\">Beige<\/font><\/td><\/tr><tr><td>Albatrossen<\/td><td>-&gt; <font color=\"#686D6F\">Donkelgro<\/font><\/td><\/tr><tr><td>Mataarbechter<\/td><td>-&gt; <font color=\"#385623\">Donkelgreng<\/font><\/td><\/tr><\/tbody><\/table><\/figure>\n<\/div>\n<\/div>\n\n\n<hr style=\"height: 2px; border-width: 0; color: gray; background-color: gray;\">\n\n\n<h4 class=\"wp-block-heading\"><strong>Allgemeng Reegelen<\/strong><\/h4>\n\n\n\n<ul class=\"wp-block-list\"><li>Wann ech net ob meng Versammlung kann kommen dann mellen ech mech bei mengem Gruppe Chef bescheed.<\/li><li>Ech respekt\u00e9ieren an halen mech un eis Reegelen d\u00e9i mir an eisem Grupp hunn.<\/li><li>Ech m\u00eblle mech mat Z\u00e4iten un fir Sortien oder Weekender.<\/li><\/ul>\n\n\n\n<p>-&gt; denken un Dokumenter d\u00e9i ech brauch<\/p>\n\n\n\n<p>-&gt; Wann eppes ubezuelt muss ginn maachen ech dat direkt dann get et net vergiess.<\/p>\n\n\n<hr style=\"height: 2px; border-width: 0; color: gray; background-color: gray;\">\n\n\n<h4 class=\"wp-block-heading\"><strong>Hei puer Informatiounen d\u00e9i gutt ze w\u00ebssen sin<\/strong><\/h4>\n\n\n\n<p><strong>Biber an W\u00ebllefcher<\/strong><\/p>\n\n\n\n<ul class=\"wp-block-list\"><li>D\u00e9i Kleng schlofen \u00ebmmer dobannen (Chalet, Jugendherberg,\u2026)<\/li><\/ul>\n\n\n\n<p><strong>AvEx, CaraPio an Raro<\/strong><\/p>\n\n\n\n<ul class=\"wp-block-list\"><li>D\u00e9i Grouss schlofen bal n\u00ebmmen dobaussen (Zelter, Natur) Fir en Camp, eng Sortie oder en Weekend braucht dir en Rucksak<\/li><li>Den dem Alter, der Gr\u00e9isst an der Aktivit\u00e9it ugepasst ass, fir dass Kand et besser droen kann, soll den Rucksak ob der Heft setzen an den R\u00e9ck vum Rucksak soll net m\u00e9i grouss sin wie dem Kand s\u00e4in.<\/li><\/ul>\n\n\n\n<p>z.b.: 1,60m grouss = 40-60L Rucksak<\/p>\n\n\n\n<ul class=\"wp-block-list\"><li>Am Rucksak fannen mir \u00ebnnen d\u00e9i schw\u00e9ier Saachen an uewen d\u00e9i liicht Saachen.<\/li><\/ul>\n\n\n\n<ul class=\"wp-block-list\"><li>Fir en Weekend, ass et besser dass Saachen grupp\u00e9iert an S\u00e4ck oder Tuten verpaack sen dass se net kennen naass gin. An et f\u00ebnnt en Saachen och b\u00ebsser am Rucksaack r\u00ebm.<\/li><\/ul>\n\n\n\n<ul class=\"wp-block-list\"><li>Manner ass bekantlech m\u00e9i, dir braucht keng 100 Saachen fir all Situatioun anze- packen.<\/li><\/ul>\n\n\n\n<ul class=\"wp-block-list\"><li>Mir brauchen keen Handy, wann ma en awer dobei hunn, bleift en onsichtbaar.<\/li><\/ul>\n\n\n<hr style=\"height: 2px; border-width: 0; color: gray; background-color: gray;\">\n\n\n<h4 class=\"wp-block-heading\"><strong>Wat muss ech iwwerhaapt kafen fir meng Branche?<\/strong><\/h4>\n\n\n\n<p>\u00cbnnert eisem Menu \u201e<a href=\"https:\/\/groussbus.lgs.lu\/?page_id=182\">Eis Branchen<\/a>\u201c fannt dir bei Dokumenter \u00ebmmer d\u00e9i aktuell L\u00ebscht als PDF fir en gudden Start am Scoutsliewen ze hunn.<\/p>\n\n\n\n<p><\/p>\n","protected":false},"excerpt":{"rendered":"<p>Eis Uniform Gr\u00e9ngt Hiem Foulard Jeans Box Fest Schong W\u00e9ini muss ech wat undoen? Denkt drun iech \u00ebmmer dem Wieder entspriechend unzedoen, an am beschten ni dat neisten undoen fir bei eis ze kommen. Hiem Foulard Jeansbox Fest Schong Versammlung X X (B\u00ebschbox) Sortie X X (wa gefrot) X Weekender X X X X Wou &hellip; <a href=\"https:\/\/groussbus.lgs.lu\/?page_id=442\" class=\"more-link\">Continue reading <span class=\"screen-reader-text\">Scouts ABC<\/span><\/a><\/p>\n","protected":false},"author":2,"featured_media":0,"parent":0,"menu_order":0,"comment_status":"closed","ping_status":"closed","template":"","meta":{"footnotes":""},"class_list":["post-442","page","type-page","status-publish","hentry"],"publishpress_future_action":{"enabled":false,"date":"2026-05-19 03:21:28","action":"change-status","newStatus":"draft","terms":[],"taxonomy":"","extraData":[]},"publishpress_future_workflow_manual_trigger":{"enabledWorkflows":[]},"_links":{"self":[{"href":"https:\/\/groussbus.lgs.lu\/index.php?rest_route=\/wp\/v2\/pages\/442","targetHints":{"allow":["GET"]}}],"collection":[{"href":"https:\/\/groussbus.lgs.lu\/index.php?rest_route=\/wp\/v2\/pages"}],"about":[{"href":"https:\/\/groussbus.lgs.lu\/index.php?rest_route=\/wp\/v2\/types\/page"}],"author":[{"embeddable":true,"href":"https:\/\/groussbus.lgs.lu\/index.php?rest_route=\/wp\/v2\/users\/2"}],"replies":[{"embeddable":true,"href":"https:\/\/groussbus.lgs.lu\/index.php?rest_route=%2Fwp%2Fv2%2Fcomments&post=442"}],"version-history":[{"count":25,"href":"https:\/\/groussbus.lgs.lu\/index.php?rest_route=\/wp\/v2\/pages\/442\/revisions"}],"predecessor-version":[{"id":774,"href":"https:\/\/groussbus.lgs.lu\/index.php?rest_route=\/wp\/v2\/pages\/442\/revisions\/774"}],"wp:attachment":[{"href":"https:\/\/groussbus.lgs.lu\/index.php?rest_route=%2Fwp%2Fv2%2Fmedia&parent=442"}],"curies":[{"name":"wp","href":"https:\/\/api.w.org\/{rel}","templated":true}]}}