{"id":182,"date":"2022-03-01T20:54:12","date_gmt":"2022-03-01T20:54:12","guid":{"rendered":"https:\/\/groussbus.lgs.lu\/?page_id=182"},"modified":"2026-03-07T11:10:44","modified_gmt":"2026-03-07T10:10:44","slug":"eis-branchen","status":"publish","type":"page","link":"https:\/\/groussbus.lgs.lu\/?page_id=182","title":{"rendered":"eis Branchen vu 6 Joer un"},"content":{"rendered":"\n<h2 class=\"wp-block-heading\" id=\"Biber\">Biber 6-8 Joer<\/h2>\n\n\n\n<div class=\"wp-block-columns is-layout-flex wp-container-core-columns-is-layout-9d6595d7 wp-block-columns-is-layout-flex\">\n<div class=\"wp-block-column is-layout-flow wp-block-column-is-layout-flow\" style=\"flex-basis:33.33%\">\n<figure class=\"wp-block-image size-full\"><img loading=\"lazy\" decoding=\"async\" width=\"300\" height=\"300\" src=\"https:\/\/groussbus.lgs.lu\/wp-content\/uploads\/2022\/02\/Biber_rgb-300x300-1.png\" alt=\"Branche Biber 6-8 Joer\" class=\"wp-image-26\" srcset=\"https:\/\/groussbus.lgs.lu\/wp-content\/uploads\/2022\/02\/Biber_rgb-300x300-1.png 300w, https:\/\/groussbus.lgs.lu\/wp-content\/uploads\/2022\/02\/Biber_rgb-300x300-1-150x150.png 150w, https:\/\/groussbus.lgs.lu\/wp-content\/uploads\/2022\/02\/Biber_rgb-300x300-1-100x100.png 100w\" sizes=\"auto, (max-width: 300px) 100vw, 300px\" \/><\/figure>\n<\/div>\n\n\n\n<div class=\"wp-block-column is-layout-flow wp-block-column-is-layout-flow\" style=\"flex-basis:66.66%\">\n<p align=\"justify\">Mir w\u00ebllen de Kanner d\u2019Liewen am Grupp, de Respekt fir deen anneren an fir Natur m\u00e9i nobr\u00e9ngen. Kanner sollen hir eegen Talenter entdecken an d\u00ebst mat verschiddene Materialien. Duerch d\u2019Spiller an der Natur k\u00ebnnen Kanner sech op eng aktiv an experimentell Man\u00e9ier mat hirem \u00cbmfeld an hierer Emwelt auserneesetzen.<\/p>\n<\/div>\n<\/div>\n\n\n\n<div class=\"wp-block-columns are-vertically-aligned-center is-not-stacked-on-mobile is-layout-flex wp-container-core-columns-is-layout-9d6595d7 wp-block-columns-is-layout-flex\">\n<div class=\"wp-block-column is-vertically-aligned-center is-layout-flow wp-block-column-is-layout-flow\">\n<p><strong><a href=\"https:\/\/groussbus.lgs.lu\/?page_id=463\">Dokumenter<\/a><\/strong><\/p>\n<\/div>\n\n\n\n<div class=\"wp-block-column is-vertically-aligned-center is-layout-flow wp-block-column-is-layout-flow\">\n<figure class=\"wp-block-image size-full\"><img loading=\"lazy\" decoding=\"async\" width=\"420\" height=\"420\" src=\"https:\/\/groussbus.lgs.lu\/wp-content\/uploads\/2022\/03\/1.-Bibber-Foulard-gedreht.png\" alt=\"Biber 6-8 Joer\" class=\"wp-image-152\" srcset=\"https:\/\/groussbus.lgs.lu\/wp-content\/uploads\/2022\/03\/1.-Bibber-Foulard-gedreht.png 420w, https:\/\/groussbus.lgs.lu\/wp-content\/uploads\/2022\/03\/1.-Bibber-Foulard-gedreht-300x300.png 300w, https:\/\/groussbus.lgs.lu\/wp-content\/uploads\/2022\/03\/1.-Bibber-Foulard-gedreht-150x150.png 150w\" sizes=\"auto, (max-width: 420px) 100vw, 420px\" \/><\/figure>\n<\/div>\n\n\n\n<div class=\"wp-block-column is-vertically-aligned-center is-layout-flow wp-block-column-is-layout-flow\">\n<p><strong><a href=\"https:\/\/groussbus.lgs.lu\/wp-content\/uploads\/Versammlungsplang-_Biber_02.pdf\">Versammlungen<\/a><\/strong><br><\/p>\n<\/div>\n<\/div>\n\n\n<hr style=\"height: 2px; border-width: 0; color: gray; background-color: gray;\" \/>\n\n\n<h2 class=\"wp-block-heading\" id=\"Wellefcher\">W\u00ebllefcher 8-11 Joer<\/h2>\n\n\n\n<div class=\"wp-block-columns is-layout-flex wp-container-core-columns-is-layout-9d6595d7 wp-block-columns-is-layout-flex\">\n<div class=\"wp-block-column is-layout-flow wp-block-column-is-layout-flow\" style=\"flex-basis:33.33%\">\n<figure class=\"wp-block-image size-full\"><img loading=\"lazy\" decoding=\"async\" width=\"300\" height=\"300\" src=\"https:\/\/groussbus.lgs.lu\/wp-content\/uploads\/2022\/02\/Wellefcher_rgb-300x300-1.png\" alt=\"Branche Wellefcher 8-11 Joer\" class=\"wp-image-27\" srcset=\"https:\/\/groussbus.lgs.lu\/wp-content\/uploads\/2022\/02\/Wellefcher_rgb-300x300-1.png 300w, https:\/\/groussbus.lgs.lu\/wp-content\/uploads\/2022\/02\/Wellefcher_rgb-300x300-1-150x150.png 150w, https:\/\/groussbus.lgs.lu\/wp-content\/uploads\/2022\/02\/Wellefcher_rgb-300x300-1-100x100.png 100w\" sizes=\"auto, (max-width: 300px) 100vw, 300px\" \/><\/figure>\n<\/div>\n\n\n\n<div class=\"wp-block-column is-layout-flow wp-block-column-is-layout-flow\" style=\"flex-basis:66.66%\">\n<p align=\"justify\">Entdecken, fuerschen, l\u00e9ieren, Fr\u00ebndschaften schl\u00e9issen, \u2026. Mir maachen Interessant Aktivit\u00e9iten an ginn zesummen op Sortien. Nach mei kuerz a knackeg gesoht, d\u2019Kanner l\u00e9ieren ganz elementar W\u00e4erter kennen: Solidarit\u00e9it, Verantwortung, H\u00ebllefsbereetschaft, Matgefill, Gesch\u00e9cklechkeet, a.s.w. auserneesetzen.<\/p>\n<\/div>\n<\/div>\n\n\n\n<div class=\"wp-block-columns are-vertically-aligned-center is-not-stacked-on-mobile is-layout-flex wp-container-core-columns-is-layout-9d6595d7 wp-block-columns-is-layout-flex\">\n<div class=\"wp-block-column is-vertically-aligned-center is-layout-flow wp-block-column-is-layout-flow\">\n<p><strong><a href=\"https:\/\/groussbus.lgs.lu\/?page_id=465\">Dokumenter<\/a><\/strong><\/p>\n<\/div>\n\n\n\n<div class=\"wp-block-column is-vertically-aligned-center is-layout-flow wp-block-column-is-layout-flow\">\n<figure class=\"wp-block-image size-full\"><img loading=\"lazy\" decoding=\"async\" width=\"333\" height=\"333\" src=\"https:\/\/groussbus.lgs.lu\/wp-content\/uploads\/2022\/03\/2.-Wellefcher-Foulard-gedreht.png\" alt=\"Wellefcher 8-11 Joer\" class=\"wp-image-153\" srcset=\"https:\/\/groussbus.lgs.lu\/wp-content\/uploads\/2022\/03\/2.-Wellefcher-Foulard-gedreht.png 333w, https:\/\/groussbus.lgs.lu\/wp-content\/uploads\/2022\/03\/2.-Wellefcher-Foulard-gedreht-300x300.png 300w, https:\/\/groussbus.lgs.lu\/wp-content\/uploads\/2022\/03\/2.-Wellefcher-Foulard-gedreht-150x150.png 150w\" sizes=\"auto, (max-width: 333px) 100vw, 333px\" \/><\/figure>\n<\/div>\n\n\n\n<div class=\"wp-block-column is-vertically-aligned-center is-layout-flow wp-block-column-is-layout-flow\">\n<p><strong><a href=\"https:\/\/groussbus.lgs.lu\/wp-content\/uploads\/Versammlungsplang_Wellefcher_02.pdf\">Versammlungen<\/a><\/strong><br><\/p>\n<\/div>\n<\/div>\n\n\n<hr style=\"height:2px;border-width:0;color:gray;background-color:gray\">\n\n\n<h2 class=\"wp-block-heading\" id=\"AvEx\">AvEx 11-14 Joer<\/h2>\n\n\n\n<div class=\"wp-block-columns is-layout-flex wp-container-core-columns-is-layout-9d6595d7 wp-block-columns-is-layout-flex\">\n<div class=\"wp-block-column is-layout-flow wp-block-column-is-layout-flow\" style=\"flex-basis:33.33%\">\n<figure class=\"wp-block-image size-full\"><img loading=\"lazy\" decoding=\"async\" width=\"300\" height=\"300\" src=\"https:\/\/groussbus.lgs.lu\/wp-content\/uploads\/2022\/02\/AvEx_rgb-300x300-1.png\" alt=\"Branche AvEx 11-14 Joer\" class=\"wp-image-28\" srcset=\"https:\/\/groussbus.lgs.lu\/wp-content\/uploads\/2022\/02\/AvEx_rgb-300x300-1.png 300w, https:\/\/groussbus.lgs.lu\/wp-content\/uploads\/2022\/02\/AvEx_rgb-300x300-1-150x150.png 150w, https:\/\/groussbus.lgs.lu\/wp-content\/uploads\/2022\/02\/AvEx_rgb-300x300-1-100x100.png 100w\" sizes=\"auto, (max-width: 300px) 100vw, 300px\" \/><\/figure>\n<\/div>\n\n\n\n<div class=\"wp-block-column is-layout-flow wp-block-column-is-layout-flow\" style=\"flex-basis:66.66%\">\n<p align=\"justify\">Hei l\u00e9ieren si Selbst\u00e4nnegkeet an Verantwortung. D\u00e9i Jugendlech ginn \u00ebmmer m\u00e9i an d\u2019Organisatioun an d\u2019Ausf\u00e9eierung vun den Aktivit\u00e9iten agebonnen, getrei dem Motto vum Baden Powell \u201e Ask the Boy\/Girl \u201c <br>Och de Prinzip vum \u201e learning by doing \u201c g\u00ebtt an den AvEx groussgeschriwwen, well een doduerch \u00ebmmer r\u00ebm nei Saachen l\u00e9iert an iwwert sech rauswuesse kann.<\/p>\n<\/div>\n<\/div>\n\n\n\n<div class=\"wp-block-columns are-vertically-aligned-center is-not-stacked-on-mobile is-layout-flex wp-container-core-columns-is-layout-9d6595d7 wp-block-columns-is-layout-flex\">\n<div class=\"wp-block-column is-vertically-aligned-center is-layout-flow wp-block-column-is-layout-flow\">\n<p><strong><a href=\"https:\/\/groussbus.lgs.lu\/?page_id=467\">Dokumenter<\/a><\/strong><\/p>\n<\/div>\n\n\n\n<div class=\"wp-block-column is-vertically-aligned-center is-layout-flow wp-block-column-is-layout-flow\">\n<figure class=\"wp-block-image size-full\"><img loading=\"lazy\" decoding=\"async\" width=\"333\" height=\"333\" src=\"https:\/\/groussbus.lgs.lu\/wp-content\/uploads\/2022\/03\/3.-AvEx-Foulard-gedreht.png\" alt=\"AvEx 11-14 Joer\" class=\"wp-image-154\" srcset=\"https:\/\/groussbus.lgs.lu\/wp-content\/uploads\/2022\/03\/3.-AvEx-Foulard-gedreht.png 333w, https:\/\/groussbus.lgs.lu\/wp-content\/uploads\/2022\/03\/3.-AvEx-Foulard-gedreht-300x300.png 300w, https:\/\/groussbus.lgs.lu\/wp-content\/uploads\/2022\/03\/3.-AvEx-Foulard-gedreht-150x150.png 150w\" sizes=\"auto, (max-width: 333px) 100vw, 333px\" \/><\/figure>\n<\/div>\n\n\n\n<div class=\"wp-block-column is-vertically-aligned-center is-layout-flow wp-block-column-is-layout-flow\">\n<p><strong><a href=\"https:\/\/groussbus.lgs.lu\/wp-content\/uploads\/Versammlungsplang_AvEx_02.pdf\">Versammlungen<\/a><\/strong><br><\/p>\n<\/div>\n<\/div>\n\n\n<hr style=\"height: 2px; border-width: 0; color: gray; background-color: gray;\" \/>\n\n\n<h2 class=\"wp-block-heading\" id=\"CaraPio\">CaraPio 14-17 Joer<\/h2>\n\n\n\n<div class=\"wp-block-columns is-layout-flex wp-container-core-columns-is-layout-9d6595d7 wp-block-columns-is-layout-flex\">\n<div class=\"wp-block-column is-layout-flow wp-block-column-is-layout-flow\" style=\"flex-basis:33.33%\">\n<figure class=\"wp-block-image size-full\"><img loading=\"lazy\" decoding=\"async\" width=\"300\" height=\"300\" src=\"https:\/\/groussbus.lgs.lu\/wp-content\/uploads\/2022\/02\/CaraPio_rgb-300x300-2.png\" alt=\"Branche CaraPio 14-17 Joer\" class=\"wp-image-29\" srcset=\"https:\/\/groussbus.lgs.lu\/wp-content\/uploads\/2022\/02\/CaraPio_rgb-300x300-2.png 300w, https:\/\/groussbus.lgs.lu\/wp-content\/uploads\/2022\/02\/CaraPio_rgb-300x300-2-150x150.png 150w, https:\/\/groussbus.lgs.lu\/wp-content\/uploads\/2022\/02\/CaraPio_rgb-300x300-2-100x100.png 100w\" sizes=\"auto, (max-width: 300px) 100vw, 300px\" \/><\/figure>\n<\/div>\n\n\n\n<div class=\"wp-block-column is-layout-flow wp-block-column-is-layout-flow\" style=\"flex-basis:66.66%\">\n<p align=\"justify\">Ganz vill W\u00e4ert lee\u00eb mir op Matbest\u00ebmmung bei der Virbereedung wie och beim Durerchz\u00e9ie vun Aktivit\u00e9iten.<br>D\u2018Matverantwortung an den Engagement ginn grouss geschriwwen<\/p>\n<\/div>\n<\/div>\n\n\n\n<div class=\"wp-block-columns are-vertically-aligned-center is-not-stacked-on-mobile is-layout-flex wp-container-core-columns-is-layout-9d6595d7 wp-block-columns-is-layout-flex\">\n<div class=\"wp-block-column is-vertically-aligned-center is-layout-flow wp-block-column-is-layout-flow\">\n<p><strong><a href=\"https:\/\/groussbus.lgs.lu\/?page_id=469\">Dokumenter<\/a><\/strong><\/p>\n<\/div>\n\n\n\n<div class=\"wp-block-column is-vertically-aligned-center is-layout-flow wp-block-column-is-layout-flow\">\n<figure class=\"wp-block-image size-full\"><img loading=\"lazy\" decoding=\"async\" width=\"333\" height=\"333\" src=\"https:\/\/groussbus.lgs.lu\/wp-content\/uploads\/2022\/03\/4.-CaraPio-Foulard-gedreht.png\" alt=\"CaraPio 14-17 Joer\" class=\"wp-image-155\" srcset=\"https:\/\/groussbus.lgs.lu\/wp-content\/uploads\/2022\/03\/4.-CaraPio-Foulard-gedreht.png 333w, https:\/\/groussbus.lgs.lu\/wp-content\/uploads\/2022\/03\/4.-CaraPio-Foulard-gedreht-300x300.png 300w, https:\/\/groussbus.lgs.lu\/wp-content\/uploads\/2022\/03\/4.-CaraPio-Foulard-gedreht-150x150.png 150w\" sizes=\"auto, (max-width: 333px) 100vw, 333px\" \/><\/figure>\n<\/div>\n\n\n\n<div class=\"wp-block-column is-vertically-aligned-center is-layout-flow wp-block-column-is-layout-flow\">\n<p><strong>Versammlungen<\/strong><\/p>\n<\/div>\n<\/div>\n\n\n<hr style=\"height:2px;border-width:0;color:gray;background-color:gray\">\n\n\n<h2 class=\"wp-block-heading\" id=\"RaRo\">RaRo 17-23 Joer<\/h2>\n\n\n\n<div class=\"wp-block-columns is-layout-flex wp-container-core-columns-is-layout-9d6595d7 wp-block-columns-is-layout-flex\">\n<div class=\"wp-block-column is-layout-flow wp-block-column-is-layout-flow\" style=\"flex-basis:33.33%\">\n<figure class=\"wp-block-image size-full\"><img loading=\"lazy\" decoding=\"async\" width=\"300\" height=\"300\" src=\"https:\/\/groussbus.lgs.lu\/wp-content\/uploads\/2022\/02\/RaRo_rgb-300x300-1.png\" alt=\"Branche RaRo 17-23 Joer\" class=\"wp-image-30\" srcset=\"https:\/\/groussbus.lgs.lu\/wp-content\/uploads\/2022\/02\/RaRo_rgb-300x300-1.png 300w, https:\/\/groussbus.lgs.lu\/wp-content\/uploads\/2022\/02\/RaRo_rgb-300x300-1-150x150.png 150w, https:\/\/groussbus.lgs.lu\/wp-content\/uploads\/2022\/02\/RaRo_rgb-300x300-1-100x100.png 100w\" sizes=\"auto, (max-width: 300px) 100vw, 300px\" \/><\/figure>\n<\/div>\n\n\n\n<div class=\"wp-block-column is-layout-flow wp-block-column-is-layout-flow\" style=\"flex-basis:66.66%\">\n<p align=\"justify\">D\u2019Ziler vun de RaRo orient\u00e9iere sech un de Besoinen vun de Jonken Erwuessenen. D\u00e9i jonk Erwuessen sollen lues duerch Aktioune bewosst un hirem Erwuessesin an Engagement schaffen. Si setzen sech Ziler a Reegelen an l\u00e9ieren zesumme Decisiounen huelen a schaffen.<\/p>\n<\/div>\n<\/div>\n\n\n\n<div class=\"wp-block-columns are-vertically-aligned-center is-not-stacked-on-mobile is-layout-flex wp-container-core-columns-is-layout-9d6595d7 wp-block-columns-is-layout-flex\">\n<div class=\"wp-block-column is-vertically-aligned-center is-layout-flow wp-block-column-is-layout-flow\">\n<p><strong><a href=\"https:\/\/groussbus.lgs.lu\/?page_id=699\">Dokumenter<\/a><\/strong><\/p>\n<\/div>\n\n\n\n<div class=\"wp-block-column is-vertically-aligned-center is-layout-flow wp-block-column-is-layout-flow\">\n<figure class=\"wp-block-image size-full\"><img loading=\"lazy\" decoding=\"async\" width=\"333\" height=\"333\" src=\"https:\/\/groussbus.lgs.lu\/wp-content\/uploads\/2022\/03\/5.-RaRo-Foulard-gedreht.png\" alt=\"RaRo 17-23 Joer\" class=\"wp-image-156\" srcset=\"https:\/\/groussbus.lgs.lu\/wp-content\/uploads\/2022\/03\/5.-RaRo-Foulard-gedreht.png 333w, https:\/\/groussbus.lgs.lu\/wp-content\/uploads\/2022\/03\/5.-RaRo-Foulard-gedreht-300x300.png 300w, https:\/\/groussbus.lgs.lu\/wp-content\/uploads\/2022\/03\/5.-RaRo-Foulard-gedreht-150x150.png 150w\" sizes=\"auto, (max-width: 333px) 100vw, 333px\" \/><\/figure>\n<\/div>\n\n\n\n<div class=\"wp-block-column is-vertically-aligned-center is-layout-flow wp-block-column-is-layout-flow\">\n<p><strong>Versammlungen<\/strong><\/p>\n<\/div>\n<\/div>\n\n\n<hr style=\"height:2px;border-width:0;color:gray;background-color:gray\">\n\n\n<h2 class=\"wp-block-heading\" id=\"Albatrossen\">Albatrossen 23 + Joer<\/h2>\n\n\n\n<div class=\"wp-block-columns is-layout-flex wp-container-core-columns-is-layout-9d6595d7 wp-block-columns-is-layout-flex\">\n<div class=\"wp-block-column is-layout-flow wp-block-column-is-layout-flow\" style=\"flex-basis:33.33%\">\n<figure class=\"wp-block-image size-full\"><img loading=\"lazy\" decoding=\"async\" width=\"300\" height=\"300\" src=\"https:\/\/groussbus.lgs.lu\/wp-content\/uploads\/2022\/03\/Albatrossen_rgb-300x300-1.png\" alt=\"Albatrossen 23 + Joer\" class=\"wp-image-158\" srcset=\"https:\/\/groussbus.lgs.lu\/wp-content\/uploads\/2022\/03\/Albatrossen_rgb-300x300-1.png 300w, https:\/\/groussbus.lgs.lu\/wp-content\/uploads\/2022\/03\/Albatrossen_rgb-300x300-1-150x150.png 150w\" sizes=\"auto, (max-width: 300px) 100vw, 300px\" \/><\/figure>\n<\/div>\n\n\n\n<div class=\"wp-block-column is-layout-flow wp-block-column-is-layout-flow\" style=\"flex-basis:66.66%\">\n<p align=\"justify\">Du hues Loscht bei den Scouten aktiv mat ze maachen? Eis Ziler sinn d\u2019Engagement zesumme mat Fr\u00ebnn weiderf\u00e9ieren, Guidissem a Scoutissem ze liewen an Aktiounen ze \u00ebnnerhuelen, d\u00e9i anere M\u00ebnschen, der \u00cbmwelt, dem Verband, dem Grupp,\u2026 notzen.<\/p>\n<\/div>\n<\/div>\n\n\n\n<div class=\"wp-block-columns are-vertically-aligned-center is-not-stacked-on-mobile is-layout-flex wp-container-core-columns-is-layout-9d6595d7 wp-block-columns-is-layout-flex\">\n<div class=\"wp-block-column is-vertically-aligned-center is-layout-flow wp-block-column-is-layout-flow\">\n<p><strong><a href=\"https:\/\/groussbus.lgs.lu\/?page_id=276\">Dokumenter<\/a><\/strong><\/p>\n<\/div>\n\n\n\n<div class=\"wp-block-column is-vertically-aligned-center is-layout-flow wp-block-column-is-layout-flow\">\n<figure class=\"wp-block-image size-full\"><img loading=\"lazy\" decoding=\"async\" width=\"338\" height=\"338\" src=\"https:\/\/groussbus.lgs.lu\/wp-content\/uploads\/6.-Albatrossen-Foulard.png\" alt=\"\" class=\"wp-image-849\" srcset=\"https:\/\/groussbus.lgs.lu\/wp-content\/uploads\/6.-Albatrossen-Foulard.png 338w, https:\/\/groussbus.lgs.lu\/wp-content\/uploads\/6.-Albatrossen-Foulard-300x300.png 300w, https:\/\/groussbus.lgs.lu\/wp-content\/uploads\/6.-Albatrossen-Foulard-150x150.png 150w\" sizes=\"auto, (max-width: 338px) 100vw, 338px\" \/><\/figure>\n<\/div>\n\n\n\n<div class=\"wp-block-column is-vertically-aligned-center is-layout-flow wp-block-column-is-layout-flow\">\n<p><strong>Versammlungen<\/strong><\/p>\n<\/div>\n<\/div>\n\n\n<hr style=\"height: 2px; border-width: 0; color: gray; background-color: gray;\" \/>\n\n\n<h2 class=\"wp-block-heading\" id=\"Mataarbechter\">Mataarbechter<\/h2>\n\n\n\n<div class=\"wp-block-columns is-layout-flex wp-container-core-columns-is-layout-9d6595d7 wp-block-columns-is-layout-flex\">\n<div class=\"wp-block-column is-layout-flow wp-block-column-is-layout-flow\" style=\"flex-basis:33.33%\">\n<figure class=\"wp-block-image size-full\"><img loading=\"lazy\" decoding=\"async\" width=\"294\" height=\"294\" src=\"https:\/\/groussbus.lgs.lu\/wp-content\/uploads\/2022\/03\/Logo-Matarbechter.jpg\" alt=\"Mataarbechter\" class=\"wp-image-160\" srcset=\"https:\/\/groussbus.lgs.lu\/wp-content\/uploads\/2022\/03\/Logo-Matarbechter.jpg 294w, https:\/\/groussbus.lgs.lu\/wp-content\/uploads\/2022\/03\/Logo-Matarbechter-150x150.jpg 150w\" sizes=\"auto, (max-width: 294px) 100vw, 294px\" \/><\/figure>\n<\/div>\n\n\n\n<div class=\"wp-block-column is-layout-flow wp-block-column-is-layout-flow\" style=\"flex-basis:66.66%\">\n<p align=\"justify\">Eis Mataarbechter sinn e wichtegen Deel vun eisem Grupp, si bestinn aus Elteren, aalen Scouten an awer och Fr\u00e4iw\u00ebllegen.<br><br>Sie h\u00ebllefen eis dann wann mir H\u00ebllef oder en Rot brauchen wie z.Bsp. bei enger Aktivit\u00e9it. D\u00ebst \u00ebmmer sou w\u00e9i en Z\u00e4it, Loscht an Freet drun huet.<br><br>Mir lee\u00ebn vill w\u00e4ert ob hier Meenungen sou dass si aktiv mat schw\u00e4tzen an bei der Emsetzung vun Projet&#8217;en dob\u00e4i sinn.<\/p>\n<\/div>\n<\/div>\n\n\n\n<div class=\"wp-block-columns are-vertically-aligned-center is-not-stacked-on-mobile is-layout-flex wp-container-core-columns-is-layout-9d6595d7 wp-block-columns-is-layout-flex\">\n<div class=\"wp-block-column is-vertically-aligned-center is-layout-flow wp-block-column-is-layout-flow\">\n<p><strong><a href=\"https:\/\/groussbus.lgs.lu\/?page_id=473\">Dokumenter<\/a><\/strong><\/p>\n<\/div>\n\n\n\n<div class=\"wp-block-column is-vertically-aligned-center is-layout-flow wp-block-column-is-layout-flow\">\n<figure class=\"wp-block-image size-full\"><img loading=\"lazy\" decoding=\"async\" width=\"420\" height=\"420\" src=\"https:\/\/groussbus.lgs.lu\/wp-content\/uploads\/2022\/03\/7.-Amicale-gedreht.png\" alt=\"Mataarbechter\" class=\"wp-image-193\" srcset=\"https:\/\/groussbus.lgs.lu\/wp-content\/uploads\/2022\/03\/7.-Amicale-gedreht.png 420w, https:\/\/groussbus.lgs.lu\/wp-content\/uploads\/2022\/03\/7.-Amicale-gedreht-300x300.png 300w, https:\/\/groussbus.lgs.lu\/wp-content\/uploads\/2022\/03\/7.-Amicale-gedreht-150x150.png 150w, https:\/\/groussbus.lgs.lu\/wp-content\/uploads\/2022\/03\/7.-Amicale-gedreht-24x24.png 24w, https:\/\/groussbus.lgs.lu\/wp-content\/uploads\/2022\/03\/7.-Amicale-gedreht-36x36.png 36w, https:\/\/groussbus.lgs.lu\/wp-content\/uploads\/2022\/03\/7.-Amicale-gedreht-48x48.png 48w\" sizes=\"auto, (max-width: 420px) 100vw, 420px\" \/><\/figure>\n<\/div>\n\n\n\n<div class=\"wp-block-column is-vertically-aligned-center is-layout-flow wp-block-column-is-layout-flow\">\n<p><strong>Versammlungen<\/strong><\/p>\n<\/div>\n<\/div>\n\n\n\n<p class=\"has-text-align-center\"><strong>Du w\u00eblls bei eis mat schaffen? Dann zeck n\u00ebt a schreif eis iwert eis <a href=\"https:\/\/groussbus.lgs.lu\/?page_id=164\">Kontaktsait<\/a><\/strong><\/p>\n","protected":false},"excerpt":{"rendered":"<p>Biber 6-8 Joer Mir w\u00ebllen de Kanner d\u2019Liewen am Grupp, de Respekt fir deen anneren an fir Natur m\u00e9i nobr\u00e9ngen. Kanner sollen hir eegen Talenter entdecken an d\u00ebst mat verschiddene Materialien. Duerch d\u2019Spiller an der Natur k\u00ebnnen Kanner sech op eng aktiv an experimentell Man\u00e9ier mat hirem \u00cbmfeld an hierer Emwelt auserneesetzen. Dokumenter Versammlungen W\u00ebllefcher &hellip; <a href=\"https:\/\/groussbus.lgs.lu\/?page_id=182\" class=\"more-link\">Continue reading <span class=\"screen-reader-text\">eis Branchen vu 6 Joer un<\/span><\/a><\/p>\n","protected":false},"author":2,"featured_media":0,"parent":0,"menu_order":0,"comment_status":"closed","ping_status":"closed","template":"","meta":{"footnotes":""},"class_list":["post-182","page","type-page","status-publish","hentry"],"publishpress_future_action":{"enabled":false,"date":"2026-05-09 04:58:52","action":"change-status","newStatus":"draft","terms":[],"taxonomy":"","extraData":[]},"publishpress_future_workflow_manual_trigger":{"enabledWorkflows":[]},"_links":{"self":[{"href":"https:\/\/groussbus.lgs.lu\/index.php?rest_route=\/wp\/v2\/pages\/182","targetHints":{"allow":["GET"]}}],"collection":[{"href":"https:\/\/groussbus.lgs.lu\/index.php?rest_route=\/wp\/v2\/pages"}],"about":[{"href":"https:\/\/groussbus.lgs.lu\/index.php?rest_route=\/wp\/v2\/types\/page"}],"author":[{"embeddable":true,"href":"https:\/\/groussbus.lgs.lu\/index.php?rest_route=\/wp\/v2\/users\/2"}],"replies":[{"embeddable":true,"href":"https:\/\/groussbus.lgs.lu\/index.php?rest_route=%2Fwp%2Fv2%2Fcomments&post=182"}],"version-history":[{"count":58,"href":"https:\/\/groussbus.lgs.lu\/index.php?rest_route=\/wp\/v2\/pages\/182\/revisions"}],"predecessor-version":[{"id":1827,"href":"https:\/\/groussbus.lgs.lu\/index.php?rest_route=\/wp\/v2\/pages\/182\/revisions\/1827"}],"wp:attachment":[{"href":"https:\/\/groussbus.lgs.lu\/index.php?rest_route=%2Fwp%2Fv2%2Fmedia&parent=182"}],"curies":[{"name":"wp","href":"https:\/\/api.w.org\/{rel}","templated":true}]}}