{"id":1660,"date":"2025-01-14T18:00:00","date_gmt":"2025-01-14T17:00:00","guid":{"rendered":"https:\/\/groussbus.lgs.lu\/?page_id=1660"},"modified":"2026-03-07T11:21:13","modified_gmt":"2026-03-07T10:21:13","slug":"photoen-2025","status":"publish","type":"page","link":"https:\/\/groussbus.lgs.lu\/?page_id=1660","title":{"rendered":"Photoen 2025"},"content":{"rendered":"\n<p>Hei fannt dir Photoen vun engem Deel vun eisen Aktivit\u00e9iten vun 2025<\/p>\n\n\n\n<p><a href=\"https:\/\/groussbus.lgs.lu\/?p=1675\">Biberweekend Thinking Day 8.+9.Februar<\/a><\/p>\n\n\n\n<p><a href=\"https:\/\/groussbus.lgs.lu\/?p=1700\">17.Mee 2025: Nationalen W\u00ebllerchersrallye zu Beetebuerg<\/a><\/p>\n\n\n\n<p><a href=\"https:\/\/groussbus.lgs.lu\/?p=1712\">23.Juni 2025: Nationalfeierdag zu Groussbus<\/a><\/p>\n\n\n\n<p><a href=\"https:\/\/groussbus.lgs.lu\/?p=1736\">5.Juli 2025: Ofschlossaktivit\u00e9it Biber<\/a><\/p>\n\n\n\n<p><a href=\"https:\/\/groussbus.lgs.lu\/?p=1749\">13. Juli: Schlassfest Kolpech<\/a><\/p>\n\n\n\n<p><a href=\"https:\/\/groussbus.lgs.lu\/?p=1758\">20.-26. Juli 2025: Nationalen W\u00ebllefcherscamp Mystaria zu Strossen<\/a><\/p>\n\n\n\n<p><a href=\"https:\/\/groussbus.lgs.lu\/?p=1790\">5. a 6. Dezember 2025: Kreschtmart Useldeng<\/a><\/p>\n\n\n\n<p><a href=\"https:\/\/groussbus.lgs.lu\/?p=1800\">20.Dezember 2025: Friddensliichtfeier zu Perl<\/a><\/p>\n","protected":false},"excerpt":{"rendered":"<p>Hei fannt dir Photoen vun engem Deel vun eisen Aktivit\u00e9iten vun 2025 Biberweekend Thinking Day 8.+9.Februar 17.Mee 2025: Nationalen W\u00ebllerchersrallye zu Beetebuerg 23.Juni 2025: Nationalfeierdag zu Groussbus 5.Juli 2025: Ofschlossaktivit\u00e9it Biber 13. Juli: Schlassfest Kolpech 20.-26. Juli 2025: Nationalen W\u00ebllefcherscamp Mystaria zu Strossen 5. a 6. Dezember 2025: Kreschtmart Useldeng 20.Dezember 2025: Friddensliichtfeier zu Perl<\/p>\n","protected":false},"author":2,"featured_media":0,"parent":0,"menu_order":0,"comment_status":"closed","ping_status":"closed","template":"","meta":{"footnotes":""},"class_list":["post-1660","page","type-page","status-publish","hentry"],"publishpress_future_action":{"enabled":false,"date":"2026-05-10 12:30:35","action":"change-status","newStatus":"draft","terms":[],"taxonomy":"","extraData":[]},"publishpress_future_workflow_manual_trigger":{"enabledWorkflows":[]},"_links":{"self":[{"href":"https:\/\/groussbus.lgs.lu\/index.php?rest_route=\/wp\/v2\/pages\/1660","targetHints":{"allow":["GET"]}}],"collection":[{"href":"https:\/\/groussbus.lgs.lu\/index.php?rest_route=\/wp\/v2\/pages"}],"about":[{"href":"https:\/\/groussbus.lgs.lu\/index.php?rest_route=\/wp\/v2\/types\/page"}],"author":[{"embeddable":true,"href":"https:\/\/groussbus.lgs.lu\/index.php?rest_route=\/wp\/v2\/users\/2"}],"replies":[{"embeddable":true,"href":"https:\/\/groussbus.lgs.lu\/index.php?rest_route=%2Fwp%2Fv2%2Fcomments&post=1660"}],"version-history":[{"count":5,"href":"https:\/\/groussbus.lgs.lu\/index.php?rest_route=\/wp\/v2\/pages\/1660\/revisions"}],"predecessor-version":[{"id":1830,"href":"https:\/\/groussbus.lgs.lu\/index.php?rest_route=\/wp\/v2\/pages\/1660\/revisions\/1830"}],"wp:attachment":[{"href":"https:\/\/groussbus.lgs.lu\/index.php?rest_route=%2Fwp%2Fv2%2Fmedia&parent=1660"}],"curies":[{"name":"wp","href":"https:\/\/api.w.org\/{rel}","templated":true}]}}