{"id":164,"date":"2022-03-01T19:48:54","date_gmt":"2022-03-01T19:48:54","guid":{"rendered":"https:\/\/groussbus.lgs.lu\/?page_id=164"},"modified":"2022-03-13T08:58:44","modified_gmt":"2022-03-13T07:58:44","slug":"kontakt","status":"publish","type":"page","link":"https:\/\/groussbus.lgs.lu\/?page_id=164","title":{"rendered":"Kontakt"},"content":{"rendered":"\n<figure class=\"wp-block-image size-large\"><img loading=\"lazy\" decoding=\"async\" width=\"1024\" height=\"517\" src=\"https:\/\/groussbus.lgs.lu\/wp-content\/uploads\/2022\/03\/Home-1024x517.jpg\" alt=\"Kontakt\" class=\"wp-image-162\" srcset=\"https:\/\/groussbus.lgs.lu\/wp-content\/uploads\/2022\/03\/Home-1024x517.jpg 1024w, https:\/\/groussbus.lgs.lu\/wp-content\/uploads\/2022\/03\/Home-300x151.jpg 300w, https:\/\/groussbus.lgs.lu\/wp-content\/uploads\/2022\/03\/Home-768x388.jpg 768w, https:\/\/groussbus.lgs.lu\/wp-content\/uploads\/2022\/03\/Home.jpg 1500w\" sizes=\"auto, (max-width: 1024px) 100vw, 1024px\" \/><\/figure>\n\n\n\n<p class=\"has-text-align-center\"><strong>5,rue de Bastogne &#8211;  Grosbous<\/strong><\/p>\n\n\n\n<div class=\"wp-block-columns is-layout-flex wp-container-core-columns-is-layout-9d6595d7 wp-block-columns-is-layout-flex\">\n<div class=\"wp-block-column is-layout-flow wp-block-column-is-layout-flow\">\n<p><strong><em>Scout ze sinn\u2026<\/em><\/strong><\/p>\n<\/div>\n\n\n\n<div class=\"wp-block-column is-layout-flow wp-block-column-is-layout-flow\">\n<p><strong>\u2026dat ass dat sch\u00e9inste Gl\u00e9ck<\/strong><\/p>\n<\/div>\n<\/div>\n\n\n\n<p align=\"justify\"><strong>Wisou Scouten?<\/strong><br>Scout ze sinn heescht neies entdecken, neies gesinn an neies b\u00e4il\u00e9ieren. &#171;Learning by doing&#187; ass eng vun eisen Devisen, an dofir duerfs du bei de Scouten och mol selwer eppes ausprob\u00e9ieren. <br><br> Op dat an de Versammlungen, op enger Sortie oder op engem Camp ass, spillt keng Roll. A wa mer scho beim Camp sinn, weess du dass de Summercamp d\u00e9i flottsten Z\u00e4it vum ganze Scoutsjoer ass? Nieft neie Fr\u00ebnn, neien Aventuren an engem flotte Programm l\u00e9iers du nei G\u00e9igende kennen. All d\u00ebst w\u00e4erten deng Campen a flotter Er\u00ebnnerung behalen.<br><br> M\u00e4 natierlech sinn net n\u00ebmmen d&#8217;Campe flott, w\u00e4hrend dem ganze Joer l\u00e9iers du an de Versammlungen nei Saache b\u00e4i, a vill\u00e4icht och Saachen d\u00e9is du esou nach net prob\u00e9iere konnts: w\u00e9i zum Beispill selwer Feier maachen, Konstruktiounen opriichten, selwer kachen, an nach villes m\u00e9i.<br><br>Wahrscheinlech ass et onm\u00e9iglech an engem Text ze verfaasse w\u00e9i flott de Scoutismus ass, dofir l\u00e4it et un dir. Maach mat, an iwwerzeeg dech selwer.<\/p>\n\n\n\n<p align=\"justify\"><strong>Kontakt:<br>Natierlech k\u00ebnnt der eis och kontakt\u00e9iere fir weider Informatiounen ze kr\u00e9ien a m\u00e9i pr\u00e4zis Froen ze stellen.<\/strong><\/p>\n\n\n\n<div class=\"wp-block-contact-form-7-contact-form-selector\">\n<div class=\"wpcf7 no-js\" id=\"wpcf7-f105-o1\" lang=\"de-DE\" dir=\"ltr\" data-wpcf7-id=\"105\">\n<div class=\"screen-reader-response\"><p role=\"status\" aria-live=\"polite\" aria-atomic=\"true\"><\/p> <ul><\/ul><\/div>\n<form action=\"\/index.php?rest_route=%2Fwp%2Fv2%2Fpages%2F164#wpcf7-f105-o1\" method=\"post\" class=\"wpcf7-form init\" aria-label=\"Kontaktformular\" novalidate=\"novalidate\" data-status=\"init\">\n<fieldset class=\"hidden-fields-container\"><input type=\"hidden\" name=\"_wpcf7\" value=\"105\" \/><input type=\"hidden\" name=\"_wpcf7_version\" value=\"6.1.5\" \/><input type=\"hidden\" name=\"_wpcf7_locale\" value=\"de_DE\" \/><input type=\"hidden\" name=\"_wpcf7_unit_tag\" value=\"wpcf7-f105-o1\" \/><input type=\"hidden\" name=\"_wpcf7_container_post\" value=\"0\" \/><input type=\"hidden\" name=\"_wpcf7_posted_data_hash\" value=\"\" \/>\n<\/fieldset>\n<font color=\"red\">Schreift eis heifir einfach iwwert eise Kontakt-Formular un. Gew\u00e9inlech kritt der innerhalb vun den n\u00e4chste 24 Stonnen eng \u00c4ntwert.\n<\/font>\n<p><label> Dain Numm<br \/>\n<span class=\"wpcf7-form-control-wrap\" data-name=\"your-name\"><input size=\"40\" maxlength=\"400\" class=\"wpcf7-form-control wpcf7-text wpcf7-validates-as-required\" aria-required=\"true\" aria-invalid=\"false\" value=\"\" type=\"text\" name=\"your-name\" \/><\/span> <\/label>\n<\/p>\n<p>Deng E-Mail-Adress<br \/>\n<span class=\"wpcf7-form-control-wrap\" data-name=\"your-email\"><input size=\"40\" maxlength=\"400\" class=\"wpcf7-form-control wpcf7-email wpcf7-validates-as-required wpcf7-text wpcf7-validates-as-email\" aria-required=\"true\" aria-invalid=\"false\" value=\"\" type=\"email\" name=\"your-email\" \/><\/span>\n<\/p>\n<p><label> Deng Telefonnummer<br \/>\n<span class=\"wpcf7-form-control-wrap\" data-name=\"tel-900\"><input size=\"40\" maxlength=\"400\" class=\"wpcf7-form-control wpcf7-tel wpcf7-text wpcf7-validates-as-tel\" aria-invalid=\"false\" value=\"\" type=\"tel\" name=\"tel-900\" \/><\/span> <\/label>\n<\/p>\n<p><label> Wien w\u00eblls du kontakt\u00e9ieren?<br \/>\n<span class=\"wpcf7-form-control-wrap\" data-name=\"your-recipient\"><select class=\"wpcf7-form-control wpcf7-select wpcf7-validates-as-required\" aria-required=\"true\" aria-invalid=\"false\" name=\"your-recipient\"><option value=\"\">&#8211; Bitte ausw\u00e4hlen &#8211;<\/option><option value=\"Biber Chef\">Biber Chef<\/option><option value=\"W\u00ebllefcher Chef\">W\u00ebllefcher Chef<\/option><option value=\"AvEx Chef\">AvEx Chef<\/option><option value=\"CaraPio Chef\">CaraPio Chef<\/option><option value=\"Albatrossen Chef\">Albatrossen Chef<\/option><option value=\"Gruppechef\">Gruppechef<\/option><option value=\"Webmaster\">Webmaster<\/option><option value=\"Sekretariat\">Sekretariat<\/option><\/select><\/span> <\/label>\n<\/p>\n<p><label> Sujet<br \/>\n<span class=\"wpcf7-form-control-wrap\" data-name=\"your-subject\"><input size=\"40\" maxlength=\"400\" class=\"wpcf7-form-control wpcf7-text wpcf7-validates-as-required\" aria-required=\"true\" aria-invalid=\"false\" value=\"\" type=\"text\" name=\"your-subject\" \/><\/span> <\/label>\n<\/p>\n<p><label> Deng Nochriicht un eis (optional)<br \/>\n<span class=\"wpcf7-form-control-wrap\" data-name=\"your-message\"><textarea cols=\"40\" rows=\"10\" maxlength=\"2000\" class=\"wpcf7-form-control wpcf7-textarea\" aria-invalid=\"false\" name=\"your-message\"><\/textarea><\/span> <\/label>\n<\/p>\n<p><label> Tipp w.e.g. folgenden Text of:<br \/>\n<input type=\"hidden\" name=\"_wpcf7_captcha_challenge_captcha-170\" value=\"215595714\" \/><img loading=\"lazy\" decoding=\"async\" class=\"wpcf7-form-control wpcf7-captchac wpcf7-captcha-captcha-170\" width=\"72\" height=\"24\" alt=\"captcha\" src=\"https:\/\/groussbus.lgs.lu\/wp-content\/uploads\/wpcf7_captcha\/215595714.png\" \/><br \/>\n<span class=\"wpcf7-form-control-wrap\" data-name=\"captcha-170\"><input size=\"5\" maxlength=\"5\" class=\"wpcf7-form-control wpcf7-captchar\" autocomplete=\"off\" aria-invalid=\"false\" value=\"\" type=\"text\" name=\"captcha-170\" \/><\/span><br \/>\n<span class=\"wpcf7-form-control-wrap\" data-name=\"acceptance-967\"><span class=\"wpcf7-form-control wpcf7-acceptance\"><span class=\"wpcf7-list-item\"><label><input type=\"checkbox\" name=\"acceptance-967\" value=\"1\" aria-invalid=\"false\" \/><span class=\"wpcf7-list-item-label\"><font color=\"red\"> <b> Ech huelen zur Kenntnis, dass d'Informatiounen aus d\u00ebsem Formulaire per Email un d\u00e9i betreffend Persoun weidergescheckt g\u00ebt. Desweideren bleift de Message w\u00e4hrend enger Dauer vun 30 Deeg an eisem System gesp\u00e4ichert. De Contenu g\u00ebt net un aner Persounen weidergereecht an dengt ausschliesslech dozou, fir dech zreckzekontakt\u00e9ieren.<\/font> <\/b><\/span><\/label><\/span><\/span><\/span><br \/>\n<input class=\"wpcf7-form-control wpcf7-submit has-spinner\" type=\"submit\" value=\"Senden\" \/><\/label>\n<\/p><p style=\"display: none !important;\" class=\"akismet-fields-container\" data-prefix=\"_wpcf7_ak_\"><label>&#916;<textarea name=\"_wpcf7_ak_hp_textarea\" cols=\"45\" rows=\"8\" maxlength=\"100\"><\/textarea><\/label><input type=\"hidden\" id=\"ak_js_1\" name=\"_wpcf7_ak_js\" value=\"187\"\/><script>\ndocument.getElementById( \"ak_js_1\" ).setAttribute( \"value\", ( new Date() ).getTime() );\n<\/script>\n<\/p><div class=\"wpcf7-response-output\" aria-hidden=\"true\"><\/div>\n<\/form>\n<\/div>\n<\/div>\n\n\n\t\t<div\n            id=\"wpmapblock_0\"\n            data-settings='{&quot;map_marker&quot;:[{&quot;lat&quot;:&quot;49.8278&quot;,&quot;lng&quot;:&quot;5.9638&quot;,&quot;title&quot;:&quot;Home&quot;,&quot;content&quot;:&quot;&quot;,&quot;iconType&quot;:&quot;default&quot;,&quot;customIconUrl&quot;:&quot;&quot;,&quot;customIconWidth&quot;:&quot;25&quot;,&quot;customIconHeight&quot;:&quot;40&quot;}],&quot;map_zoom&quot;:&quot;17&quot;,&quot;scroll_wheel_zoom&quot;:false,&quot;map_type&quot;:&quot;OSM&quot;,&quot;center_index&quot;:0}'\n            class=\"wpmapblockrender\"\n            style=\"\n\t\t\twidth: 100%;\n\t\t\theight: 500px;\n\t\t\"\n            >\n        <\/div>\n        \n\n<hr style=\"height:2px;border-width:0;color:gray;background-color:gray\">\n\n\n<p><a href=\"https:\/\/lgs.lu\/contact\/\" target=\"_blank\" rel=\"noreferrer noopener\">Kontakt-Informatiounen LGS<\/a><\/p>\n\n\n\n<p><a href=\"https:\/\/groussbus.lgs.lu\/wp-content\/uploads\/Flyer-Groussbus-2022.pdf\">Hei kanns du dir och eisen Flyer eroflueden<\/a><\/p>\n","protected":false},"excerpt":{"rendered":"<p>5,rue de Bastogne &#8211; Grosbous Scout ze sinn\u2026 \u2026dat ass dat sch\u00e9inste Gl\u00e9ck Wisou Scouten?Scout ze sinn heescht neies entdecken, neies gesinn an neies b\u00e4il\u00e9ieren. &#171;Learning by doing&#187; ass eng vun eisen Devisen, an dofir duerfs du bei de Scouten och mol selwer eppes ausprob\u00e9ieren. Op dat an de Versammlungen, op enger Sortie oder op &hellip; <a href=\"https:\/\/groussbus.lgs.lu\/?page_id=164\" class=\"more-link\">Continue reading <span class=\"screen-reader-text\">Kontakt<\/span><\/a><\/p>\n","protected":false},"author":2,"featured_media":0,"parent":0,"menu_order":0,"comment_status":"closed","ping_status":"closed","template":"","meta":{"footnotes":""},"class_list":["post-164","page","type-page","status-publish","hentry"],"publishpress_future_action":{"enabled":false,"date":"2026-05-10 12:27:31","action":"change-status","newStatus":"draft","terms":[],"taxonomy":"","extraData":[]},"publishpress_future_workflow_manual_trigger":{"enabledWorkflows":[]},"_links":{"self":[{"href":"https:\/\/groussbus.lgs.lu\/index.php?rest_route=\/wp\/v2\/pages\/164","targetHints":{"allow":["GET"]}}],"collection":[{"href":"https:\/\/groussbus.lgs.lu\/index.php?rest_route=\/wp\/v2\/pages"}],"about":[{"href":"https:\/\/groussbus.lgs.lu\/index.php?rest_route=\/wp\/v2\/types\/page"}],"author":[{"embeddable":true,"href":"https:\/\/groussbus.lgs.lu\/index.php?rest_route=\/wp\/v2\/users\/2"}],"replies":[{"embeddable":true,"href":"https:\/\/groussbus.lgs.lu\/index.php?rest_route=%2Fwp%2Fv2%2Fcomments&post=164"}],"version-history":[{"count":25,"href":"https:\/\/groussbus.lgs.lu\/index.php?rest_route=\/wp\/v2\/pages\/164\/revisions"}],"predecessor-version":[{"id":1833,"href":"https:\/\/groussbus.lgs.lu\/index.php?rest_route=\/wp\/v2\/pages\/164\/revisions\/1833"}],"wp:attachment":[{"href":"https:\/\/groussbus.lgs.lu\/index.php?rest_route=%2Fwp%2Fv2%2Fmedia&parent=164"}],"curies":[{"name":"wp","href":"https:\/\/api.w.org\/{rel}","templated":true}]}}